{"id":62213,"date":"2025-07-31T10:25:29","date_gmt":"2025-07-31T08:25:29","guid":{"rendered":"https:\/\/www-preview.ek-retail.com\/ek-special-accounts\/"},"modified":"2026-03-11T10:18:44","modified_gmt":"2026-03-11T09:18:44","slug":"ek-special-accounts","status":"publish","type":"page","link":"https:\/\/www.ek-retail.com\/de\/ek-special-accounts\/","title":{"rendered":"EK Special Accounts"},"content":{"rendered":"\t\t<div data-elementor-type=\"wp-page\" data-elementor-id=\"62213\" class=\"elementor elementor-62213 elementor-49963\" data-elementor-post-type=\"page\">\n\t\t\t\t<div class=\"elementor-element elementor-element-501cf1ef hero-section e-flex e-con-boxed e-con e-parent\" data-id=\"501cf1ef\" data-element_type=\"container\" data-e-type=\"container\">\n\t\t\t\t\t<div class=\"e-con-inner\">\n\t\t<div class=\"elementor-element elementor-element-113e2075 e-con-full e-flex e-con e-child\" data-id=\"113e2075\" data-element_type=\"container\" data-e-type=\"container\" data-settings=\"{&quot;background_background&quot;:&quot;classic&quot;}\">\n\t\t\t\t<div class=\"elementor-element elementor-element-356a60c elementor-widget elementor-widget-image\" data-id=\"356a60c\" data-element_type=\"widget\" data-e-type=\"widget\" data-widget_type=\"image.default\">\n\t\t\t\t<div class=\"elementor-widget-container\">\n\t\t\t\t\t\t\t\t\t\t\t\t\t\t\t<img fetchpriority=\"high\" decoding=\"async\" width=\"1527\" height=\"671\" src=\"https:\/\/www.ek-retail.com\/wp-content\/uploads\/2025\/12\/spec-acc-hero.jpg\" class=\"attachment-full size-full wp-image-65744\" alt=\"\" srcset=\"https:\/\/www.ek-retail.com\/wp-content\/uploads\/2025\/12\/spec-acc-hero.jpg 1527w, https:\/\/www.ek-retail.com\/wp-content\/uploads\/2025\/12\/spec-acc-hero-300x132.jpg 300w, https:\/\/www.ek-retail.com\/wp-content\/uploads\/2025\/12\/spec-acc-hero-1024x450.jpg 1024w, https:\/\/www.ek-retail.com\/wp-content\/uploads\/2025\/12\/spec-acc-hero-768x337.jpg 768w\" sizes=\"(max-width: 1527px) 100vw, 1527px\" \/>\t\t\t\t\t\t\t\t\t\t\t\t\t\t\t<\/div>\n\t\t\t\t<\/div>\n\t\t\t\t<\/div>\n\t\t<div class=\"elementor-element elementor-element-af0c2f9 e-con-full ind-ek-icon hero-text  e-flex e-con e-child\" data-id=\"af0c2f9\" data-element_type=\"container\" data-e-type=\"container\" data-settings=\"{&quot;background_background&quot;:&quot;classic&quot;}\">\n\t\t\t\t<div class=\"elementor-element elementor-element-1cca53c8 elementor-absolute hero-title elementor-widget elementor-widget-heading\" data-id=\"1cca53c8\" data-element_type=\"widget\" data-e-type=\"widget\" data-settings=\"{&quot;_position&quot;:&quot;absolute&quot;}\" data-widget_type=\"heading.default\">\n\t\t\t\t<div class=\"elementor-widget-container\">\n\t\t\t\t\t<h1 class=\"elementor-heading-title elementor-size-default\">EK Special Accounts<\/h1>\t\t\t\t<\/div>\n\t\t\t\t<\/div>\n\t\t\t\t<div class=\"elementor-element elementor-element-44069f96 elementor-widget elementor-widget-text-editor\" data-id=\"44069f96\" data-element_type=\"widget\" data-e-type=\"widget\" data-widget_type=\"text-editor.default\">\n\t\t\t\t<div class=\"elementor-widget-container\">\n\t\t\t\t\t\t\t\t\t<p dir=\"auto\">Strategische Partnerschaften und Gro\u00dfkunden \u2013 ma\u00dfgeschneiderte L\u00f6sungen f\u00fcr gro\u00dfe Einzelh\u00e4ndler und Verb\u00e4nde.<\/p>\t\t\t\t\t\t\t\t<\/div>\n\t\t\t\t<\/div>\n\t\t\t\t<div class=\"elementor-element elementor-element-342ac69 elementor-align-left elementor-widget elementor-widget-button\" data-id=\"342ac69\" data-element_type=\"widget\" data-e-type=\"widget\" id=\"ind_living_button\" data-widget_type=\"button.default\">\n\t\t\t\t<div class=\"elementor-widget-container\">\n\t\t\t\t\t\t\t\t\t<div class=\"elementor-button-wrapper\">\n\t\t\t\t\t<a class=\"elementor-button elementor-button-link elementor-size-sm\" href=\"https:\/\/www.ek-retail.com\/de\/kontakt\/\">\n\t\t\t\t\t\t<span class=\"elementor-button-content-wrapper\">\n\t\t\t\t\t\t\t\t\t<span class=\"elementor-button-text\">Nehmen Sie Kontakt auf!<\/span>\n\t\t\t\t\t<\/span>\n\t\t\t\t\t<\/a>\n\t\t\t\t<\/div>\n\t\t\t\t\t\t\t\t<\/div>\n\t\t\t\t<\/div>\n\t\t\t\t<\/div>\n\t\t\t\t\t<\/div>\n\t\t\t\t<\/div>\n\t\t<div class=\"elementor-element elementor-element-701ac704 strategic-partnerships-section e-flex e-con-boxed e-con e-parent\" data-id=\"701ac704\" data-element_type=\"container\" data-e-type=\"container\">\n\t\t\t\t\t<div class=\"e-con-inner\">\n\t\t\t\t<div class=\"elementor-element elementor-element-47a39653 elementor-widget__width-initial elementor-widget elementor-widget-text-editor\" data-id=\"47a39653\" data-element_type=\"widget\" data-e-type=\"widget\" data-widget_type=\"text-editor.default\">\n\t\t\t\t<div class=\"elementor-widget-container\">\n\t\t\t\t\t\t\t\t\t<h2 dir=\"auto\">Strategische Partnerschaften f\u00fcr nachhaltiges Wachstum<\/h2><p dir=\"auto\">EK Special Accounts widmet sich der Akquise und Betreuung von Gro\u00dfkunden und gesamten Einkaufsverb\u00e4nden, die vielf\u00e4ltige Transaktionen mit EK t\u00e4tigen. Unser Fokus liegt auf dem Aufbau starker, langfristiger Partnerschaften mit Einzelh\u00e4ndlern aus allen Produktkategorien, in denen EK t\u00e4tig ist \u2013 unabh\u00e4ngig davon, ob sie physische Gesch\u00e4fte oder Online-Plattformen betreiben. <\/p><p dir=\"auto\">Unsere prim\u00e4re Zielgruppe umfasst inhabergef\u00fchrte Gro\u00dfkunden und Einkaufsverb\u00e4nde, die mit dem genossenschaftlichen Gesch\u00e4ftsmodell von EK \u00fcbereinstimmen. Durch die Pflege dieser strategischen Beziehungen sichern wir gegenseitiges Wachstum und Erfolg im Einzelhandel in Deutschland, \u00d6sterreich und der Schweiz. <\/p>\t\t\t\t\t\t\t\t<\/div>\n\t\t\t\t<\/div>\n\t\t\t\t\t<\/div>\n\t\t\t\t<\/div>\n\t\t<div class=\"elementor-element elementor-element-942d4ae why-you-should-section e-flex e-con-boxed e-con e-parent\" data-id=\"942d4ae\" data-element_type=\"container\" data-e-type=\"container\" data-settings=\"{&quot;background_background&quot;:&quot;classic&quot;}\">\n\t\t\t\t\t<div class=\"e-con-inner\">\n\t\t\t\t<div class=\"elementor-element elementor-element-9f00a28 elementor-widget elementor-widget-heading\" data-id=\"9f00a28\" data-element_type=\"widget\" data-e-type=\"widget\" data-widget_type=\"heading.default\">\n\t\t\t\t<div class=\"elementor-widget-container\">\n\t\t\t\t\t<h2 class=\"elementor-heading-title elementor-size-default\">Warum Sie EK Special Accounts beitreten sollten!<\/h2>\t\t\t\t<\/div>\n\t\t\t\t<\/div>\n\t\t\t\t<div class=\"elementor-element elementor-element-a2b9435 elementor-widget__width-initial elementor-widget elementor-widget-text-editor\" data-id=\"a2b9435\" data-element_type=\"widget\" data-e-type=\"widget\" data-widget_type=\"text-editor.default\">\n\t\t\t\t<div class=\"elementor-widget-container\">\n\t\t\t\t\t\t\t\t\t<p>Mehrwert durch Zusammenarbeit<br><\/p>\t\t\t\t\t\t\t\t<\/div>\n\t\t\t\t<\/div>\n\t\t<div class=\"elementor-element elementor-element-39d3c80 e-grid e-con-full why-you-should-grid e-con e-child\" data-id=\"39d3c80\" data-element_type=\"container\" data-e-type=\"container\" data-settings=\"{&quot;background_background&quot;:&quot;classic&quot;}\">\n\t\t\t\t<div class=\"elementor-element elementor-element-a1575e7 first elementor-cta--skin-cover elementor-widget elementor-widget-call-to-action\" data-id=\"a1575e7\" data-element_type=\"widget\" data-e-type=\"widget\" data-widget_type=\"call-to-action.default\">\n\t\t\t\t<div class=\"elementor-widget-container\">\n\t\t\t\t\t\t\t<div class=\"elementor-cta\">\n\t\t\t\t\t<div class=\"elementor-cta__bg-wrapper\">\n\t\t\t\t<div class=\"elementor-cta__bg elementor-bg\" style=\"background-image: url(https:\/\/www.ek-retail.com\/wp-content\/uploads\/2025\/12\/LIVING_8-scaled.jpg);\" role=\"img\" aria-label=\"Portr\u00e4t einer l\u00e4chelnden Frau mit grauem Haar, Kleinunternehmerin\"><\/div>\n\t\t\t\t<div class=\"elementor-cta__bg-overlay\"><\/div>\n\t\t\t<\/div>\n\t\t\t\t\t\t\t<div class=\"elementor-cta__content\">\n\t\t\t\t\n\t\t\t\t\t\t\t\t\t<h2 class=\"elementor-cta__title elementor-cta__content-item elementor-content-item\">\n\t\t\t\t\t\tF\u00fcr Einzelh\u00e4ndler\t\t\t\t\t<\/h2>\n\t\t\t\t\n\t\t\t\t\t\t\t\t\t<div class=\"elementor-cta__description elementor-cta__content-item elementor-content-item\">\n\t\t\t\t\t\tAls Einzelh\u00e4ndler bei EK profitieren Sie von verbesserten Einkaufsbedingungen, die Ihnen erfolgreichere Preisverhandlungen erm\u00f6glichen. Die Zentralregulierung reduziert Ihren Verwaltungsaufwand, w\u00e4hrend Sie durch Marketingunterst\u00fctzung und Zugang zu relevanten Informationen stets auf dem Laufenden bleiben und effizient arbeiten k\u00f6nnen. \t\t\t\t\t<\/div>\n\t\t\t\t\n\t\t\t\t\t\t\t<\/div>\n\t\t\t\t\t\t<\/div>\n\t\t\t\t\t\t<\/div>\n\t\t\t\t<\/div>\n\t\t\t\t<div class=\"elementor-element elementor-element-7fc39bc second elementor-cta--skin-cover elementor-widget elementor-widget-call-to-action\" data-id=\"7fc39bc\" data-element_type=\"widget\" data-e-type=\"widget\" data-widget_type=\"call-to-action.default\">\n\t\t\t\t<div class=\"elementor-widget-container\">\n\t\t\t\t\t\t\t<div class=\"elementor-cta\">\n\t\t\t\t\t<div class=\"elementor-cta__bg-wrapper\">\n\t\t\t\t<div class=\"elementor-cta__bg elementor-bg\" style=\"background-image: url(https:\/\/www.ek-retail.com\/wp-content\/uploads\/2025\/12\/Stationery-scaled.jpg);\" role=\"img\" aria-label=\"Schreibwaren\"><\/div>\n\t\t\t\t<div class=\"elementor-cta__bg-overlay\"><\/div>\n\t\t\t<\/div>\n\t\t\t\t\t\t\t<div class=\"elementor-cta__content\">\n\t\t\t\t\n\t\t\t\t\t\t\t\t\t<h2 class=\"elementor-cta__title elementor-cta__content-item elementor-content-item\">\n\t\t\t\t\t\tF\u00fcr Lieferanten\t\t\t\t\t<\/h2>\n\t\t\t\t\n\t\t\t\t\t\t\t\t\t<div class=\"elementor-cta__description elementor-cta__content-item elementor-content-item\">\n\t\t\t\t\t\tAls Lieferant im EK Netzwerk profitieren Sie von einem h\u00f6heren Absatzvolumen durch den Zugang zu einem gr\u00f6\u00dferen H\u00e4ndlernetz. Langfristige Vertr\u00e4ge sorgen f\u00fcr Marktstabilit\u00e4t, w\u00e4hrend effiziente Distribution und zentrale Abrechnung die Betriebskosten senken. \t\t\t\t\t<\/div>\n\t\t\t\t\n\t\t\t\t\t\t\t<\/div>\n\t\t\t\t\t\t<\/div>\n\t\t\t\t\t\t<\/div>\n\t\t\t\t<\/div>\n\t\t\t\t<div class=\"elementor-element elementor-element-59947b0 third elementor-cta--skin-cover elementor-widget elementor-widget-call-to-action\" data-id=\"59947b0\" data-element_type=\"widget\" data-e-type=\"widget\" data-widget_type=\"call-to-action.default\">\n\t\t\t\t<div class=\"elementor-widget-container\">\n\t\t\t\t\t\t\t<div class=\"elementor-cta\">\n\t\t\t\t\t<div class=\"elementor-cta__bg-wrapper\">\n\t\t\t\t<div class=\"elementor-cta__bg elementor-bg\" style=\"background-image: url(https:\/\/www.ek-retail.com\/wp-content\/uploads\/2025\/12\/20250919Ridderhoffotografie1001-scaled.jpg);\" role=\"img\" aria-label=\"20250919Ridderhoffotografie(1001)\"><\/div>\n\t\t\t\t<div class=\"elementor-cta__bg-overlay\"><\/div>\n\t\t\t<\/div>\n\t\t\t\t\t\t\t<div class=\"elementor-cta__content\">\n\t\t\t\t\n\t\t\t\t\t\t\t\t\t<h2 class=\"elementor-cta__title elementor-cta__content-item elementor-content-item\">\n\t\t\t\t\t\tF\u00fcr Dienstleister\t\t\t\t\t<\/h2>\n\t\t\t\t\n\t\t\t\t\t\t\t\t\t<div class=\"elementor-cta__description elementor-cta__content-item elementor-content-item\">\n\t\t\t\t\t\tAls Dienstleister bedeutet eine Partnerschaft mit EK den Zugang zu einem breiten Netzwerk mittelst\u00e4ndischer, unabh\u00e4ngiger Einzelh\u00e4ndler. Unser Leistungsspektrum unterst\u00fctzt Einzelh\u00e4ndler in den Bereichen Beschaffung, Marketing, Logistik und mehr, sodass Sie sich ganz auf ihre Kunden konzentrieren k\u00f6nnen. \t\t\t\t\t<\/div>\n\t\t\t\t\n\t\t\t\t\t\t\t<\/div>\n\t\t\t\t\t\t<\/div>\n\t\t\t\t\t\t<\/div>\n\t\t\t\t<\/div>\n\t\t\t\t<\/div>\n\t\t\t\t\t<\/div>\n\t\t\t\t<\/div>\n\t\t<div class=\"elementor-element elementor-element-d227c32 e-con-full out-branches-section e-flex e-con e-parent\" data-id=\"d227c32\" data-element_type=\"container\" data-e-type=\"container\">\n\t\t\t\t<div class=\"elementor-element elementor-element-638b2f0 elementor-widget elementor-widget-heading\" data-id=\"638b2f0\" data-element_type=\"widget\" data-e-type=\"widget\" data-widget_type=\"heading.default\">\n\t\t\t\t<div class=\"elementor-widget-container\">\n\t\t\t\t\t<h2 class=\"elementor-heading-title elementor-size-default\">EK Special Accounts: Unser Portfolio<\/h2>\t\t\t\t<\/div>\n\t\t\t\t<\/div>\n\t\t<div class=\"elementor-element elementor-element-68bdf5b e-con-full out-branches-inner e-flex e-con e-child\" data-id=\"68bdf5b\" data-element_type=\"container\" data-e-type=\"container\">\n\t\t\t\t<div class=\"elementor-element elementor-element-c873158 tabs-box e-n-tabs-mobile elementor-widget elementor-widget-n-tabs\" data-id=\"c873158\" data-element_type=\"widget\" data-e-type=\"widget\" id=\"tabs-box-specialaccounts\" data-settings=\"{&quot;tabs_justify_horizontal&quot;:&quot;start&quot;,&quot;horizontal_scroll&quot;:&quot;disable&quot;}\" data-widget_type=\"nested-tabs.default\">\n\t\t\t\t<div class=\"elementor-widget-container\">\n\t\t\t\t\t\t\t<div class=\"e-n-tabs\" data-widget-number=\"210186584\" aria-label=\"Tabs. Open items with Enter or Space, close with Escape and navigate using the Arrow keys.\">\n\t\t\t<div class=\"e-n-tabs-heading\" role=\"tablist\">\n\t\t\t\t\t<button id=\"e-n-tab-title-2101865841\" data-tab-title-id=\"e-n-tab-title-2101865841\" class=\"e-n-tab-title\" aria-selected=\"true\" data-tab-index=\"1\" role=\"tab\" tabindex=\"0\" aria-controls=\"e-n-tab-content-2101865841\" style=\"--n-tabs-title-order: 1;\">\n\t\t\t\t\t\t<span class=\"e-n-tab-title-text\">\n\t\t\t\tInterES Handels- und Dienstleistungs GmbH &amp; Co. KG\t\t\t<\/span>\n\t\t<\/button>\n\t\t\t\t<button id=\"e-n-tab-title-2101865842\" data-tab-title-id=\"e-n-tab-title-2101865842\" class=\"e-n-tab-title\" aria-selected=\"false\" data-tab-index=\"2\" role=\"tab\" tabindex=\"-1\" aria-controls=\"e-n-tab-content-2101865842\" style=\"--n-tabs-title-order: 2;\">\n\t\t\t\t\t\t<span class=\"e-n-tab-title-text\">\n\t\t\t\tWHB \u2013 Ware Handel Beratung GmbH\t\t\t<\/span>\n\t\t<\/button>\n\t\t\t\t\t<\/div>\n\t\t\t<div class=\"e-n-tabs-content\">\n\t\t\t\t<div id=\"e-n-tab-content-2101865841\" role=\"tabpanel\" aria-labelledby=\"e-n-tab-title-2101865841\" data-tab-index=\"1\" style=\"--n-tabs-title-order: 1;\" class=\"e-active elementor-element elementor-element-0385014 e-con-full e-flex e-con e-child\" data-id=\"0385014\" data-element_type=\"container\" data-e-type=\"container\">\n\t\t\t\t<div class=\"elementor-element elementor-element-f1f3e47 elementor-widget__width-initial elementor-absolute icon-box content-align-left icon-box-vertical-align-top icon-vertical-align-start elementor-widget elementor-widget-the7_image_box_grid_widget\" data-id=\"f1f3e47\" data-element_type=\"widget\" data-e-type=\"widget\" data-settings=\"{&quot;_position&quot;:&quot;absolute&quot;,&quot;_animation&quot;:&quot;none&quot;}\" data-widget_type=\"the7_image_box_grid_widget.default\">\n\t\t\t\t<div class=\"elementor-widget-container\">\n\t\t\t\t\t<div class=\"the7-box-grid-wrapper the7-elementor-widget loading-effect-none the7_image_box_grid_widget-f1f3e47\">\t\t\t<div class=\"dt-css-grid\">\n\t\t\t\t\t\t\t\t\t<div class=\"wf-cell shown\">\n\t\t\t\t\t\t<a class=\"the7-image-box-wrapper the7-box-wrapper the7-elementor-widget box-hover\" >\t\t\t\t\t\t\t<div class=\"box-content-wrapper\">\n\n\t\t\t\t\t\t\t\t\t\t\t\t\t\t\t\t\t<div class=\"elementor-image-div \">\n\t\t\t\t\t\t\t\t\t\t<div class=\"post-thumbnail-rollover img-css-resize-wrapper\"><img decoding=\"async\" width=\"768\" height=\"336\" src=\"https:\/\/www.ek-retail.com\/wp-content\/uploads\/2025\/05\/Image-placeholder-11.png\" class=\"attachment-full size-full preload-me aspect\" alt=\"\" srcset=\"https:\/\/www.ek-retail.com\/wp-content\/uploads\/2025\/05\/Image-placeholder-11.png 768w, https:\/\/www.ek-retail.com\/wp-content\/uploads\/2025\/05\/Image-placeholder-11-300x131.png 300w\" sizes=\"(max-width: 768px) 100vw, 768px\" style=\"--ratio: 768 \/ 336;\" \/><\/div>\t\t\t\t\t\t\t\t\t<\/div>\n\t\t\t\t\t\t\t\t\t\t\t\t\t\t\t\t<div class=\"box-content\">\n\t\t\t\t\t\t\t\t\t\t\t\t\t\t\t\t\t<\/div>\n\t\t\t\t\t\t\t<\/div>\n\t\t\t\t\t\t<\/a>\t\t\t\t\t<\/div>\n\t\t\t\t\t\t\t\t<\/div>\n\t\t\t<\/div>\t\t\t\t<\/div>\n\t\t\t\t<\/div>\n\t\t\t\t<div class=\"elementor-element elementor-element-2e6e49b elementor--h-position-center elementor--v-position-middle elementor-arrows-position-inside elementor-widget elementor-widget-slides\" data-id=\"2e6e49b\" data-element_type=\"widget\" data-e-type=\"widget\" data-settings=\"{&quot;navigation&quot;:&quot;arrows&quot;,&quot;infinite&quot;:&quot;yes&quot;,&quot;transition&quot;:&quot;slide&quot;,&quot;transition_speed&quot;:500}\" data-widget_type=\"slides.default\">\n\t\t\t\t<div class=\"elementor-widget-container\">\n\t\t\t\t\t\t\t\t\t<div class=\"elementor-swiper\">\n\t\t\t\t\t<div class=\"elementor-slides-wrapper elementor-main-swiper swiper\" role=\"region\" aria-roledescription=\"carousel\" aria-label=\"Slider\" dir=\"ltr\" data-animation=\"fadeInUp\">\n\t\t\t\t<div class=\"swiper-wrapper elementor-slides\">\n\t\t\t\t\t\t\t\t\t\t<div class=\"elementor-repeater-item-d54002b swiper-slide\" role=\"group\" aria-roledescription=\"slide\"><div class=\"swiper-slide-bg\" role=\"img\" aria-label=\"INTERes\"><\/div><a class=\"swiper-slide-inner\" href=\"https:\/\/www.inter-es.de\/\" target=\"_blank\"><div class=\"swiper-slide-contents\"><div class=\"elementor-slide-heading\">InterES Handels- und Dienstleistungs GmbH &amp; Co. KG<\/div><div class=\"elementor-slide-description\"><p>InterES geh\u00f6rt seit Januar 2022 zu EK Retail, wobei EK der Mehrheitsaktion\u00e4r ist. Der Schwerpunkt liegt auf der St\u00e4rkung der angeschlossenen Partner im Schreibwarenbereich. <\/p>\n<\/div><div  class=\"elementor-button elementor-slide-button elementor-size-sm\">Mehr erfahren<\/div><\/div><\/a><\/div>\t\t\t\t<\/div>\n\t\t\t\t\t\t\t<\/div>\n\t\t\t\t<\/div>\n\t\t\t\t\t\t\t\t<\/div>\n\t\t\t\t<\/div>\n\t\t\t\t<\/div>\n\t\t<div id=\"e-n-tab-content-2101865842\" role=\"tabpanel\" aria-labelledby=\"e-n-tab-title-2101865842\" data-tab-index=\"2\" style=\"--n-tabs-title-order: 2;\" class=\" elementor-element elementor-element-099489a e-con-full e-flex e-con e-child\" data-id=\"099489a\" data-element_type=\"container\" data-e-type=\"container\">\n\t\t\t\t<div class=\"elementor-element elementor-element-3937a63 elementor-widget__width-initial elementor-absolute icon-box content-align-left icon-box-vertical-align-top icon-vertical-align-start elementor-widget elementor-widget-the7_image_box_grid_widget\" data-id=\"3937a63\" data-element_type=\"widget\" data-e-type=\"widget\" data-settings=\"{&quot;_position&quot;:&quot;absolute&quot;,&quot;_animation&quot;:&quot;none&quot;}\" data-widget_type=\"the7_image_box_grid_widget.default\">\n\t\t\t\t<div class=\"elementor-widget-container\">\n\t\t\t\t\t<div class=\"the7-box-grid-wrapper the7-elementor-widget loading-effect-none the7_image_box_grid_widget-3937a63\">\t\t\t<div class=\"dt-css-grid\">\n\t\t\t\t\t\t\t\t\t<div class=\"wf-cell shown\">\n\t\t\t\t\t\t<a class=\"the7-image-box-wrapper the7-box-wrapper the7-elementor-widget box-hover\" >\t\t\t\t\t\t\t<div class=\"box-content-wrapper\">\n\n\t\t\t\t\t\t\t\t\t\t\t\t\t\t\t\t\t<div class=\"elementor-image-div \">\n\t\t\t\t\t\t\t\t\t\t<div class=\"post-thumbnail-rollover img-css-resize-wrapper\"><img decoding=\"async\" width=\"300\" height=\"80\" src=\"https:\/\/www.ek-retail.com\/wp-content\/uploads\/2025\/05\/Image-placeholder-8.jpg\" class=\"attachment-full size-full preload-me aspect\" alt=\"\" style=\"--ratio: 300 \/ 80;\" \/><\/div>\t\t\t\t\t\t\t\t\t<\/div>\n\t\t\t\t\t\t\t\t\t\t\t\t\t\t\t\t<div class=\"box-content\">\n\t\t\t\t\t\t\t\t\t\t\t\t\t\t\t\t\t<\/div>\n\t\t\t\t\t\t\t<\/div>\n\t\t\t\t\t\t<\/a>\t\t\t\t\t<\/div>\n\t\t\t\t\t\t\t\t<\/div>\n\t\t\t<\/div>\t\t\t\t<\/div>\n\t\t\t\t<\/div>\n\t\t\t\t<div class=\"elementor-element elementor-element-46680ee elementor--h-position-center elementor--v-position-middle elementor-arrows-position-inside elementor-widget elementor-widget-slides\" data-id=\"46680ee\" data-element_type=\"widget\" data-e-type=\"widget\" data-settings=\"{&quot;navigation&quot;:&quot;arrows&quot;,&quot;infinite&quot;:&quot;yes&quot;,&quot;transition&quot;:&quot;slide&quot;,&quot;transition_speed&quot;:500}\" data-widget_type=\"slides.default\">\n\t\t\t\t<div class=\"elementor-widget-container\">\n\t\t\t\t\t\t\t\t\t<div class=\"elementor-swiper\">\n\t\t\t\t\t<div class=\"elementor-slides-wrapper elementor-main-swiper swiper\" role=\"region\" aria-roledescription=\"carousel\" aria-label=\"Slider\" dir=\"ltr\" data-animation=\"fadeInUp\">\n\t\t\t\t<div class=\"swiper-wrapper elementor-slides\">\n\t\t\t\t\t\t\t\t\t\t<div class=\"elementor-repeater-item-d54002b swiper-slide\" role=\"group\" aria-roledescription=\"slide\"><div class=\"swiper-slide-bg\" role=\"img\" aria-label=\"Haushalt WHB 2\"><\/div><a class=\"swiper-slide-inner\" href=\"https:\/\/www.verband-whb.de\/\" target=\"_blank\"><div class=\"swiper-slide-contents\"><div class=\"elementor-slide-heading\">WHB \u2013 Ware Handel Beratung GmbH<\/div><div class=\"elementor-slide-description\"><p>WHB ist ein Fachverband und Teil der EK Retail. Seine Aufgabe ist es, seine Mitglieder mit einem umfassenden Dienstleistungsangebot zu unterst\u00fctzen. <\/p>\n<\/div><div  class=\"elementor-button elementor-slide-button elementor-size-sm\">Mehr erfahren<\/div><\/div><\/a><\/div>\t\t\t\t<\/div>\n\t\t\t\t\t\t\t<\/div>\n\t\t\t\t<\/div>\n\t\t\t\t\t\t\t\t<\/div>\n\t\t\t\t<\/div>\n\t\t\t\t<\/div>\n\t\t\t\t\t<\/div>\n\t\t<\/div>\n\t\t\t\t\t\t<\/div>\n\t\t\t\t<\/div>\n\t\t\t\t<\/div>\n\t\t\t\t<\/div>\n\t\t<div class=\"elementor-element elementor-element-f016421 key-acc-section e-flex e-con-boxed e-con e-parent\" data-id=\"f016421\" data-element_type=\"container\" data-e-type=\"container\">\n\t\t\t\t\t<div class=\"e-con-inner\">\n\t\t<div data-pa-eq-height=\"{&quot;targetType&quot;:&quot;custom&quot;,&quot;target&quot;:[&quot;.elementor-cta__content&quot;],&quot;trigger&quot;:&quot;load&quot;,&quot;enableOn&quot;:[&quot;desktop&quot;,&quot;tablet&quot;]}\" class=\"elementor-element elementor-element-155c027 e-grid e-con-full business-units-grid premium-equal-height-yes e-con e-child\" data-id=\"155c027\" data-element_type=\"container\" data-e-type=\"container\" data-settings=\"{&quot;premium_eq_height_switcher&quot;:&quot;yes&quot;}\">\n\t\t<div class=\"elementor-element elementor-element-ff9ca36 e-con-full e-flex e-con e-child\" data-id=\"ff9ca36\" data-element_type=\"container\" data-e-type=\"container\">\n\t\t\t\t<div class=\"elementor-element elementor-element-3e585fa elementor-cta--skin-classic elementor-animated-content elementor-bg-transform elementor-bg-transform-zoom-in elementor-widget elementor-widget-call-to-action\" data-id=\"3e585fa\" data-element_type=\"widget\" data-e-type=\"widget\" data-widget_type=\"call-to-action.default\">\n\t\t\t\t<div class=\"elementor-widget-container\">\n\t\t\t\t\t\t\t<div class=\"elementor-cta\">\n\t\t\t\t\t<div class=\"elementor-cta__bg-wrapper\">\n\t\t\t\t<div class=\"elementor-cta__bg elementor-bg\" style=\"background-image: url(https:\/\/www.ek-retail.com\/wp-content\/uploads\/2025\/12\/20250919Ridderhoffotografie1055-768x512.jpg);\" role=\"img\" aria-label=\"20250919Ridderhoffotografie(1055)\"><\/div>\n\t\t\t\t<div class=\"elementor-cta__bg-overlay\"><\/div>\n\t\t\t<\/div>\n\t\t\t\t\t\t\t<div class=\"elementor-cta__content\">\n\t\t\t\t\n\t\t\t\t\t\t\t\t\t<h2 class=\"elementor-cta__title elementor-cta__content-item elementor-content-item\">\n\t\t\t\t\t\tKey Accounts\t\t\t\t\t<\/h2>\n\t\t\t\t\n\t\t\t\t\t\t\t\t\t<div class=\"elementor-cta__description elementor-cta__content-item elementor-content-item\">\n\t\t\t\t\t\tGro\u00dfe, \u00fcberwiegend inhabergef\u00fchrte Einzelhandelsunternehmen, die in verschiedenen Produktkategorien sowohl in physischen Gesch\u00e4ften als auch online eng mit EK zusammenarbeiten.\t\t\t\t\t<\/div>\n\t\t\t\t\n\t\t\t\t\t\t\t<\/div>\n\t\t\t\t\t\t<\/div>\n\t\t\t\t\t\t<\/div>\n\t\t\t\t<\/div>\n\t\t\t\t<\/div>\n\t\t<div class=\"elementor-element elementor-element-f23d946 e-con-full second e-flex e-con e-child\" data-id=\"f23d946\" data-element_type=\"container\" data-e-type=\"container\">\n\t\t\t\t<div class=\"elementor-element elementor-element-a8dd2cc elementor-cta--skin-classic elementor-animated-content elementor-bg-transform elementor-bg-transform-zoom-in elementor-widget elementor-widget-call-to-action\" data-id=\"a8dd2cc\" data-element_type=\"widget\" data-e-type=\"widget\" data-widget_type=\"call-to-action.default\">\n\t\t\t\t<div class=\"elementor-widget-container\">\n\t\t\t\t\t\t\t<div class=\"elementor-cta\">\n\t\t\t\t\t<div class=\"elementor-cta__bg-wrapper\">\n\t\t\t\t<div class=\"elementor-cta__bg elementor-bg\" style=\"background-image: url(https:\/\/www.ek-retail.com\/wp-content\/uploads\/2025\/05\/Image-placeholder-9-1-768x319.jpg);\" role=\"img\" aria-label=\"Platzhalter f\u00fcr Bild 9 (1)\"><\/div>\n\t\t\t\t<div class=\"elementor-cta__bg-overlay\"><\/div>\n\t\t\t<\/div>\n\t\t\t\t\t\t\t<div class=\"elementor-cta__content\">\n\t\t\t\t\n\t\t\t\t\t\t\t\t\t<h2 class=\"elementor-cta__title elementor-cta__content-item elementor-content-item\">\n\t\t\t\t\t\tKooperation mit anderen Verb\u00e4nden\t\t\t\t\t<\/h2>\n\t\t\t\t\n\t\t\t\t\t\t\t\t\t<div class=\"elementor-cta__description elementor-cta__content-item elementor-content-item\">\n\t\t\t\t\t\tEK pflegt auch starke Partnerschaften mit weiteren Einkaufs- und Handelsverb\u00e4nden, um Synergien zu nutzen und den gemeinsamen Markterfolg voranzutreiben.\t\t\t\t\t<\/div>\n\t\t\t\t\n\t\t\t\t\t\t\t<\/div>\n\t\t\t\t\t\t<\/div>\n\t\t\t\t\t\t<\/div>\n\t\t\t\t<\/div>\n\t\t\t\t<\/div>\n\t\t\t\t<\/div>\n\t\t\t\t\t<\/div>\n\t\t\t\t<\/div>\n\t\t\t\t<\/div>\n\t\t","protected":false},"excerpt":{"rendered":"<p>EK Special Accounts Strategische Partnerschaften und Gro\u00dfkunden \u2013 ma\u00dfgeschneiderte L\u00f6sungen f\u00fcr gro\u00dfe Einzelh\u00e4ndler und Verb\u00e4nde. Nehmen Sie Kontakt auf! Strategische Partnerschaften f\u00fcr nachhaltiges Wachstum EK Special Accounts widmet sich der Akquise und Betreuung von Gro\u00dfkunden und gesamten Einkaufsverb\u00e4nden, die vielf\u00e4ltige Transaktionen mit EK t\u00e4tigen. Unser Fokus liegt auf dem Aufbau starker, langfristiger Partnerschaften mit Einzelh\u00e4ndlern&hellip;<\/p>\n","protected":false},"author":2,"featured_media":0,"parent":0,"menu_order":0,"comment_status":"closed","ping_status":"closed","template":"elementor_header_footer","meta":{"footnotes":""},"class_list":["post-62213","page","type-page","status-publish","hentry"],"_links":{"self":[{"href":"https:\/\/www.ek-retail.com\/de\/wp-json\/wp\/v2\/pages\/62213","targetHints":{"allow":["GET"]}}],"collection":[{"href":"https:\/\/www.ek-retail.com\/de\/wp-json\/wp\/v2\/pages"}],"about":[{"href":"https:\/\/www.ek-retail.com\/de\/wp-json\/wp\/v2\/types\/page"}],"author":[{"embeddable":true,"href":"https:\/\/www.ek-retail.com\/de\/wp-json\/wp\/v2\/users\/2"}],"replies":[{"embeddable":true,"href":"https:\/\/www.ek-retail.com\/de\/wp-json\/wp\/v2\/comments?post=62213"}],"version-history":[{"count":0,"href":"https:\/\/www.ek-retail.com\/de\/wp-json\/wp\/v2\/pages\/62213\/revisions"}],"wp:attachment":[{"href":"https:\/\/www.ek-retail.com\/de\/wp-json\/wp\/v2\/media?parent=62213"}],"curies":[{"name":"wp","href":"https:\/\/api.w.org\/{rel}","templated":true}]}}