{"id":62385,"date":"2025-08-20T14:15:16","date_gmt":"2025-08-20T12:15:16","guid":{"rendered":"https:\/\/www-preview.ek-retail.com\/kontakt\/"},"modified":"2026-03-20T13:13:36","modified_gmt":"2026-03-20T12:13:36","slug":"kontakt","status":"publish","type":"page","link":"https:\/\/www.ek-retail.com\/de\/kontakt\/","title":{"rendered":"Kontakt"},"content":{"rendered":"\t\t<div data-elementor-type=\"wp-page\" data-elementor-id=\"62385\" class=\"elementor elementor-62385 elementor-50917\" data-elementor-post-type=\"page\">\n\t\t\t\t<div class=\"elementor-element elementor-element-36fc912 hero-section e-flex e-con-boxed e-con e-parent\" data-id=\"36fc912\" data-element_type=\"container\" data-e-type=\"container\">\n\t\t\t\t\t<div class=\"e-con-inner\">\n\t\t<div class=\"elementor-element elementor-element-3a5ea81 e-con-full hero-image e-flex e-con e-child\" data-id=\"3a5ea81\" data-element_type=\"container\" data-e-type=\"container\" data-settings=\"{&quot;background_background&quot;:&quot;classic&quot;}\">\n\t\t\t\t<div class=\"elementor-element elementor-element-5ec446a elementor-widget__width-inherit elementor-widget elementor-widget-image\" data-id=\"5ec446a\" data-element_type=\"widget\" data-e-type=\"widget\" data-widget_type=\"image.default\">\n\t\t\t\t<div class=\"elementor-widget-container\">\n\t\t\t\t\t\t\t\t\t\t\t\t\t\t\t<img fetchpriority=\"high\" decoding=\"async\" width=\"2560\" height=\"1063\" src=\"https:\/\/www.ek-retail.com\/wp-content\/uploads\/2025\/05\/Business-collaboration-v4-scaled.jpg\" class=\"attachment-full size-full wp-image-62380\" alt=\"\" srcset=\"https:\/\/www.ek-retail.com\/wp-content\/uploads\/2025\/05\/Business-collaboration-v4-scaled.jpg 2560w, https:\/\/www.ek-retail.com\/wp-content\/uploads\/2025\/05\/Business-collaboration-v4-300x125.jpg 300w, https:\/\/www.ek-retail.com\/wp-content\/uploads\/2025\/05\/Business-collaboration-v4-1024x425.jpg 1024w, https:\/\/www.ek-retail.com\/wp-content\/uploads\/2025\/05\/Business-collaboration-v4-768x319.jpg 768w, https:\/\/www.ek-retail.com\/wp-content\/uploads\/2025\/05\/Business-collaboration-v4-1536x638.jpg 1536w, https:\/\/www.ek-retail.com\/wp-content\/uploads\/2025\/05\/Business-collaboration-v4-2048x850.jpg 2048w\" sizes=\"(max-width: 2560px) 100vw, 2560px\" \/>\t\t\t\t\t\t\t\t\t\t\t\t\t\t\t<\/div>\n\t\t\t\t<\/div>\n\t\t\t\t<\/div>\n\t\t<div class=\"elementor-element elementor-element-e742650 e-con-full ind-ek-icon hero-text  e-flex e-con e-child\" data-id=\"e742650\" data-element_type=\"container\" data-e-type=\"container\" data-settings=\"{&quot;background_background&quot;:&quot;classic&quot;}\">\n\t\t\t\t<div class=\"elementor-element elementor-element-6579a5b elementor-absolute hero-title elementor-widget elementor-widget-heading\" data-id=\"6579a5b\" data-element_type=\"widget\" data-e-type=\"widget\" data-settings=\"{&quot;_position&quot;:&quot;absolute&quot;}\" data-widget_type=\"heading.default\">\n\t\t\t\t<div class=\"elementor-widget-container\">\n\t\t\t\t\t<h1 class=\"elementor-heading-title elementor-size-default\">Kontakt<\/h1>\t\t\t\t<\/div>\n\t\t\t\t<\/div>\n\t\t\t\t<div class=\"elementor-element elementor-element-d8ccb8b elementor-widget elementor-widget-text-editor\" data-id=\"d8ccb8b\" data-element_type=\"widget\" data-e-type=\"widget\" data-widget_type=\"text-editor.default\">\n\t\t\t\t<div class=\"elementor-widget-container\">\n\t\t\t\t\t\t\t\t\t<p dir=\"auto\">Wir sch\u00e4tzen Ihre Fragen und Ihr Feedback. Nachfolgend finden Sie die Kontaktm\u00f6glichkeiten zu unseren Teams in den verschiedenen L\u00e4ndern. <\/p>\t\t\t\t\t\t\t\t<\/div>\n\t\t\t\t<\/div>\n\t\t\t\t<\/div>\n\t\t\t\t\t<\/div>\n\t\t\t\t<\/div>\n\t\t<div class=\"elementor-element elementor-element-58bcd157 e-con-full e-flex e-con e-parent\" data-id=\"58bcd157\" data-element_type=\"container\" data-e-type=\"container\" data-settings=\"{&quot;background_background&quot;:&quot;classic&quot;}\">\n\t\t<div class=\"elementor-element elementor-element-60439932 e-flex e-con-boxed e-con e-child\" data-id=\"60439932\" data-element_type=\"container\" data-e-type=\"container\">\n\t\t\t\t\t<div class=\"e-con-inner\">\n\t\t\t\t<div class=\"elementor-element elementor-element-7c150d5 elementor-cta--layout-image-left elementor-cta--mobile-layout-image-above elementor-widget__width-inherit elementor-cta--skin-classic elementor-animated-content elementor-widget elementor-widget-call-to-action\" data-id=\"7c150d5\" data-element_type=\"widget\" data-e-type=\"widget\" data-widget_type=\"call-to-action.default\">\n\t\t\t\t<div class=\"elementor-widget-container\">\n\t\t\t\t\t\t\t<div class=\"elementor-cta\">\n\t\t\t\t\t<div class=\"elementor-cta__bg-wrapper\">\n\t\t\t\t<div class=\"elementor-cta__bg elementor-bg\" style=\"background-image: url(https:\/\/www.ek-retail.com\/wp-content\/uploads\/2025\/12\/Headquarter-Bielefeld-3.jpg);\" role=\"img\" aria-label=\"Hauptsitz Bielefeld (3)\"><\/div>\n\t\t\t\t<div class=\"elementor-cta__bg-overlay\"><\/div>\n\t\t\t<\/div>\n\t\t\t\t\t\t\t<div class=\"elementor-cta__content\">\n\t\t\t\t\n\t\t\t\t\t\t\t\t\t<h2 class=\"elementor-cta__title elementor-cta__content-item elementor-content-item\">\n\t\t\t\t\t\tBielefeld, <br>Deutschland\t\t\t\t\t<\/h2>\n\t\t\t\t\n\t\t\t\t\t\t\t\t\t<div class=\"elementor-cta__description elementor-cta__content-item elementor-content-item\">\n\t\t\t\t\t\tElpke 109, <br>33605 Bielefeld<br><br><a href=\"mailto:info.de@ek-retail.com\">info.de@ek-retail.com<\/a><br><br><a href=\"tel:4952120920\">+49 521 2092-0<\/a>\t\t\t\t\t<\/div>\n\t\t\t\t\n\t\t\t\t\t\t\t<\/div>\n\t\t\t\t\t\t<\/div>\n\t\t\t\t\t\t<\/div>\n\t\t\t\t<\/div>\n\t\t\t\t<div class=\"elementor-element elementor-element-306ace01 elementor-cta--layout-image-right elementor-cta--mobile-layout-image-above elementor-widget__width-inherit elementor-cta--skin-classic elementor-animated-content elementor-widget elementor-widget-call-to-action\" data-id=\"306ace01\" data-element_type=\"widget\" data-e-type=\"widget\" data-widget_type=\"call-to-action.default\">\n\t\t\t\t<div class=\"elementor-widget-container\">\n\t\t\t\t\t\t\t<div class=\"elementor-cta\">\n\t\t\t\t\t<div class=\"elementor-cta__bg-wrapper\">\n\t\t\t\t<div class=\"elementor-cta__bg elementor-bg\" style=\"background-image: url(https:\/\/www.ek-retail.com\/wp-content\/uploads\/2025\/10\/20250919Ridderhoffotografie1056.jpg);\" role=\"img\" aria-label=\"20250919Ridderhoffotografie(1056)\"><\/div>\n\t\t\t\t<div class=\"elementor-cta__bg-overlay\"><\/div>\n\t\t\t<\/div>\n\t\t\t\t\t\t\t<div class=\"elementor-cta__content\">\n\t\t\t\t\n\t\t\t\t\t\t\t\t\t<h2 class=\"elementor-cta__title elementor-cta__content-item elementor-content-item\">\n\t\t\t\t\t\tAmersfoort, Niederlande\t\t\t\t\t<\/h2>\n\t\t\t\t\n\t\t\t\t\t\t\t\t\t<div class=\"elementor-cta__description elementor-cta__content-item elementor-content-item\">\n\t\t\t\t\t\tModemweg 29-35, <br>3821 BS Amersfoort<br><br><a href=\"mailto:info.nl@ek-retail.com\">info.nl@ek-retail.com<\/a><br><br><a href=\"tel:31332532911\">+31 33 253 29 11<\/a>\t\t\t\t\t<\/div>\n\t\t\t\t\n\t\t\t\t\t\t\t<\/div>\n\t\t\t\t\t\t<\/div>\n\t\t\t\t\t\t<\/div>\n\t\t\t\t<\/div>\n\t\t\t\t<div class=\"elementor-element elementor-element-c8d8ea1 elementor-cta--layout-image-left elementor-cta--mobile-layout-image-above elementor-widget__width-inherit elementor-cta--skin-classic elementor-animated-content elementor-widget elementor-widget-call-to-action\" data-id=\"c8d8ea1\" data-element_type=\"widget\" data-e-type=\"widget\" data-widget_type=\"call-to-action.default\">\n\t\t\t\t<div class=\"elementor-widget-container\">\n\t\t\t\t\t\t\t<div class=\"elementor-cta\">\n\t\t\t\t\t<div class=\"elementor-cta__bg-wrapper\">\n\t\t\t\t<div class=\"elementor-cta__bg elementor-bg\" style=\"background-image: url(https:\/\/www.ek-retail.com\/wp-content\/uploads\/2025\/09\/Image-placeholder-5.jpg);\" role=\"img\" aria-label=\"Platzhalter f\u00fcr Bild 5\"><\/div>\n\t\t\t\t<div class=\"elementor-cta__bg-overlay\"><\/div>\n\t\t\t<\/div>\n\t\t\t\t\t\t\t<div class=\"elementor-cta__content\">\n\t\t\t\t\n\t\t\t\t\t\t\t\t\t<h3 class=\"elementor-cta__title elementor-cta__content-item elementor-content-item\">\n\t\t\t\t\t\tNanterre, \nFrankreich\t\t\t\t\t<\/h3>\n\t\t\t\t\n\t\t\t\t\t\t\t\t\t<div class=\"elementor-cta__description elementor-cta__content-item elementor-content-item\">\n\t\t\t\t\t\t18 rue d\u2019Arras - Bat D,\n<br>92022 Nanterre<br><br><a href=\"mailto:info@ekfrance.fr\" style=\"color:#FFF !important\">info@ekfrance.fr<\/a><br><br><a href=\"tel:33141388220\" style=\"color:#FFF !important\">+33 141 388 220<\/a>\n\n\n\n\n\n\n\n\n\t\t\t\t\t<\/div>\n\t\t\t\t\n\t\t\t\t\t\t\t<\/div>\n\t\t\t\t\t\t<\/div>\n\t\t\t\t\t\t<\/div>\n\t\t\t\t<\/div>\n\t\t\t\t\t<\/div>\n\t\t\t\t<\/div>\n\t\t\t\t<\/div>\n\t\t\t\t<\/div>\n\t\t","protected":false},"excerpt":{"rendered":"<p>Kontakt Wir sch\u00e4tzen Ihre Fragen und Ihr Feedback. Nachfolgend finden Sie die Kontaktm\u00f6glichkeiten zu unseren Teams in den verschiedenen L\u00e4ndern. Bielefeld, Deutschland Elpke 109, 33605 Bielefeld info.de@ek-retail.com +49 521 2092-0 Amersfoort, Niederlande Modemweg 29-35, 3821 BS Amersfoort info.nl@ek-retail.com +31 33 253 29 11 Nanterre, Frankreich 18 rue d\u2019Arras &#8211; Bat D, 92022 Nanterre info@ekfrance.fr +33&hellip;<\/p>\n","protected":false},"author":2,"featured_media":0,"parent":0,"menu_order":0,"comment_status":"closed","ping_status":"closed","template":"elementor_header_footer","meta":{"footnotes":""},"class_list":["post-62385","page","type-page","status-publish","hentry"],"_links":{"self":[{"href":"https:\/\/www.ek-retail.com\/de\/wp-json\/wp\/v2\/pages\/62385","targetHints":{"allow":["GET"]}}],"collection":[{"href":"https:\/\/www.ek-retail.com\/de\/wp-json\/wp\/v2\/pages"}],"about":[{"href":"https:\/\/www.ek-retail.com\/de\/wp-json\/wp\/v2\/types\/page"}],"author":[{"embeddable":true,"href":"https:\/\/www.ek-retail.com\/de\/wp-json\/wp\/v2\/users\/2"}],"replies":[{"embeddable":true,"href":"https:\/\/www.ek-retail.com\/de\/wp-json\/wp\/v2\/comments?post=62385"}],"version-history":[{"count":0,"href":"https:\/\/www.ek-retail.com\/de\/wp-json\/wp\/v2\/pages\/62385\/revisions"}],"wp:attachment":[{"href":"https:\/\/www.ek-retail.com\/de\/wp-json\/wp\/v2\/media?parent=62385"}],"curies":[{"name":"wp","href":"https:\/\/api.w.org\/{rel}","templated":true}]}}