{"id":62956,"date":"2025-10-21T09:10:44","date_gmt":"2025-10-21T07:10:44","guid":{"rendered":"https:\/\/www-preview.ek-retail.com\/ek-holding\/"},"modified":"2026-03-17T15:40:14","modified_gmt":"2026-03-17T14:40:14","slug":"ek-holding","status":"publish","type":"page","link":"https:\/\/www.ek-retail.com\/de\/ek-holding\/","title":{"rendered":"EK Holding"},"content":{"rendered":"\t\t<div data-elementor-type=\"wp-page\" data-elementor-id=\"62956\" class=\"elementor elementor-62956 elementor-53861\" data-elementor-post-type=\"page\">\n\t\t\t\t<div class=\"elementor-element elementor-element-57775d0 hero-section e-flex e-con-boxed e-con e-parent\" data-id=\"57775d0\" data-element_type=\"container\" data-e-type=\"container\">\n\t\t\t\t\t<div class=\"e-con-inner\">\n\t\t<div class=\"elementor-element elementor-element-575b019 e-con-full hero-image e-flex e-con e-child\" data-id=\"575b019\" data-element_type=\"container\" data-e-type=\"container\" data-settings=\"{&quot;background_background&quot;:&quot;classic&quot;}\">\n\t\t\t\t<div class=\"elementor-element elementor-element-7f501af elementor-widget elementor-widget-image\" data-id=\"7f501af\" data-element_type=\"widget\" data-e-type=\"widget\" data-widget_type=\"image.default\">\n\t\t\t\t<div class=\"elementor-widget-container\">\n\t\t\t\t\t\t\t\t\t\t\t\t\t\t\t<img fetchpriority=\"high\" decoding=\"async\" width=\"1527\" height=\"671\" src=\"https:\/\/www.ek-retail.com\/wp-content\/uploads\/2025\/11\/ekholding-hero.jpg\" class=\"attachment-full size-full wp-image-62946\" alt=\"\" srcset=\"https:\/\/www.ek-retail.com\/wp-content\/uploads\/2025\/11\/ekholding-hero.jpg 1527w, https:\/\/www.ek-retail.com\/wp-content\/uploads\/2025\/11\/ekholding-hero-300x132.jpg 300w, https:\/\/www.ek-retail.com\/wp-content\/uploads\/2025\/11\/ekholding-hero-1024x450.jpg 1024w, https:\/\/www.ek-retail.com\/wp-content\/uploads\/2025\/11\/ekholding-hero-768x337.jpg 768w\" sizes=\"(max-width: 1527px) 100vw, 1527px\" \/>\t\t\t\t\t\t\t\t\t\t\t\t\t\t\t<\/div>\n\t\t\t\t<\/div>\n\t\t\t\t<\/div>\n\t\t<div class=\"elementor-element elementor-element-99490b6 e-con-full ind-ek-icon hero-text  e-flex e-con e-child\" data-id=\"99490b6\" data-element_type=\"container\" data-e-type=\"container\" data-settings=\"{&quot;background_background&quot;:&quot;classic&quot;}\">\n\t\t\t\t<div class=\"elementor-element elementor-element-e66cac0 elementor-absolute hero-title elementor-widget elementor-widget-heading\" data-id=\"e66cac0\" data-element_type=\"widget\" data-e-type=\"widget\" data-settings=\"{&quot;_position&quot;:&quot;absolute&quot;}\" data-widget_type=\"heading.default\">\n\t\t\t\t<div class=\"elementor-widget-container\">\n\t\t\t\t\t<h1 class=\"elementor-heading-title elementor-size-default\">EK Holding<\/h1>\t\t\t\t<\/div>\n\t\t\t\t<\/div>\n\t\t\t\t<div class=\"elementor-element elementor-element-ac34f5a elementor-widget elementor-widget-text-editor\" data-id=\"ac34f5a\" data-element_type=\"widget\" data-e-type=\"widget\" data-widget_type=\"text-editor.default\">\n\t\t\t\t<div class=\"elementor-widget-container\">\n\t\t\t\t\t\t\t\t\t<p>Unsere Holding Services bieten wesentliche Unterst\u00fctzung, die den Erfolg unserer Verbundgruppe und ihrer H\u00e4ndler vorantreibt.<\/p>\t\t\t\t\t\t\t\t<\/div>\n\t\t\t\t<\/div>\n\t\t\t\t<div class=\"elementor-element elementor-element-933529b elementor-align-left elementor-widget elementor-widget-button\" data-id=\"933529b\" data-element_type=\"widget\" data-e-type=\"widget\" data-widget_type=\"button.default\">\n\t\t\t\t<div class=\"elementor-widget-container\">\n\t\t\t\t\t\t\t\t\t<div class=\"elementor-button-wrapper\">\n\t\t\t\t\t<a class=\"elementor-button elementor-button-link elementor-size-sm\" href=\"https:\/\/www.ek-retail.com\/de\/kontakt\/\">\n\t\t\t\t\t\t<span class=\"elementor-button-content-wrapper\">\n\t\t\t\t\t\t\t\t\t<span class=\"elementor-button-text\">Nehmen Sie Kontakt auf<\/span>\n\t\t\t\t\t<\/span>\n\t\t\t\t\t<\/a>\n\t\t\t\t<\/div>\n\t\t\t\t\t\t\t\t<\/div>\n\t\t\t\t<\/div>\n\t\t\t\t<\/div>\n\t\t\t\t\t<\/div>\n\t\t\t\t<\/div>\n\t\t<div class=\"elementor-element elementor-element-bedf48d strengthening-section e-flex e-con-boxed e-con e-parent\" data-id=\"bedf48d\" data-element_type=\"container\" data-e-type=\"container\">\n\t\t\t\t\t<div class=\"e-con-inner\">\n\t\t\t\t<div class=\"elementor-element elementor-element-77e10fd elementor-widget elementor-widget-heading\" data-id=\"77e10fd\" data-element_type=\"widget\" data-e-type=\"widget\" data-widget_type=\"heading.default\">\n\t\t\t\t<div class=\"elementor-widget-container\">\n\t\t\t\t\t<h2 class=\"elementor-heading-title elementor-size-default\">St\u00e4rkung unserer H\u00e4ndler und der Verbundgruppe<\/h2>\t\t\t\t<\/div>\n\t\t\t\t<\/div>\n\t\t\t\t<div class=\"elementor-element elementor-element-365d9ff elementor-widget elementor-widget-text-editor\" data-id=\"365d9ff\" data-element_type=\"widget\" data-e-type=\"widget\" data-widget_type=\"text-editor.default\">\n\t\t\t\t<div class=\"elementor-widget-container\">\n\t\t\t\t\t\t\t\t\t<p>Von strategischen Public Affairs und umfassenden Personall\u00f6sungen \u00fcber effiziente Fracht &amp; Logistik bis hin zu zuverl\u00e4ssigem Facility Management stellen wir sicher, dass jeder Aspekt unserer Gesch\u00e4ftst\u00e4tigkeit professionell gemanagt und zukunftsf\u00e4hig ist. Unser Ziel: die bestm\u00f6glichen Bedingungen f\u00fcr strategische Investitionen, Gesch\u00e4ftsentwicklung, nachhaltiges Wachstumsmanagement und Corporate Services zu schaffen. <\/p>\t\t\t\t\t\t\t\t<\/div>\n\t\t\t\t<\/div>\n\t\t\t\t\t<\/div>\n\t\t\t\t<\/div>\n\t\t<div class=\"elementor-element elementor-element-d8079f6 custom-slider-section e-con-full e-flex e-con e-parent\" data-id=\"d8079f6\" data-element_type=\"container\" data-e-type=\"container\" data-settings=\"{&quot;background_background&quot;:&quot;classic&quot;}\">\n\t\t\t\t<div class=\"elementor-element elementor-element-47849d8 elementor-widget-mobile__width-inherit elementor-widget elementor-widget-text-editor\" data-id=\"47849d8\" data-element_type=\"widget\" data-e-type=\"widget\" data-widget_type=\"text-editor.default\">\n\t\t\t\t<div class=\"elementor-widget-container\">\n\t\t\t\t\t\t\t\t\t<h2>Aufgaben unserer Holding Services<\/h2><p>Service treibt den Erfolg unserer Verbundgruppe voran. Welche 5 Schl\u00fcsselfaktoren diese Services beinhalten lesen Sie hier.<\/p>\t\t\t\t\t\t\t\t<\/div>\n\t\t\t\t<\/div>\n\t\t\t\t<div class=\"elementor-element elementor-element-1c98270 elementor--h-position-left custom-slides elementor--v-position-middle elementor-arrows-position-inside elementor-widget elementor-widget-slides\" data-id=\"1c98270\" data-element_type=\"widget\" data-e-type=\"widget\" data-settings=\"{&quot;navigation&quot;:&quot;arrows&quot;,&quot;transition&quot;:&quot;fade&quot;,&quot;infinite&quot;:&quot;yes&quot;,&quot;transition_speed&quot;:500}\" data-widget_type=\"slides.default\">\n\t\t\t\t<div class=\"elementor-widget-container\">\n\t\t\t\t\t\t\t\t\t<div class=\"elementor-swiper\">\n\t\t\t\t\t<div class=\"elementor-slides-wrapper elementor-main-swiper swiper\" role=\"region\" aria-roledescription=\"carousel\" aria-label=\"Slider\" dir=\"ltr\" data-animation=\"fadeInRight\">\n\t\t\t\t<div class=\"swiper-wrapper elementor-slides\">\n\t\t\t\t\t\t\t\t\t\t<div class=\"elementor-repeater-item-353c42a swiper-slide\" role=\"group\" aria-roledescription=\"slide\"><div class=\"swiper-slide-bg\" role=\"img\" aria-label=\"20250919Ridderhoffotografie(1004)\"><\/div><div class=\"swiper-slide-inner\" ><div class=\"swiper-slide-contents\"><h2 class=\"elementor-slide-heading\">EK Holding \u2013 Strategische Unterst\u00fctzung f\u00fcr nachhaltiges Wachstum<\/h2><p class=\"elementor-slide-description\"><p>Unsere Holding Services bilden das Fundament f\u00fcr den Erfolg unserer Verbundgruppe. Jeder Bereich tr\u00e4gt durch gezielte Expertise und operatives Know How zur St\u00e4rkung unserer H\u00e4ndler und der Verbundgruppe bei. <\/p>\n<\/p><\/div><\/div><\/div><div class=\"elementor-repeater-item-7427ab8 swiper-slide\" role=\"group\" aria-roledescription=\"slide\"><div class=\"swiper-slide-bg\" role=\"img\" aria-label=\"20250919Ridderhoffotografie(1077)\"><\/div><div class=\"swiper-slide-inner\" ><div class=\"swiper-slide-contents\"><h2 class=\"elementor-slide-heading\">Public Affairs<\/h2><p class=\"elementor-slide-description\"><p>Wir f\u00f6rdern Wachstum durch strategische Partnerschaften und M&amp;A-Aktivit\u00e4ten. Als Markendesigner managen wir die EK Retail Dachmarke und gestalten die externe Wahrnehmung der Verbundgruppe durch Pressearbeit, Social Media und Unternehmenskommunikation. Wir organisieren auch hochkar\u00e4tige Initiativen wie den European Retail Award und internationale Studienreisen zu Innovationszentren in den USA und Gro\u00dfbritannien.  <\/p>\n<\/p><a href=\"https:\/\/www.ek-retail.com\/de\/presse\/\" class=\"elementor-button elementor-slide-button elementor-size-md\">Zum Pressebereich<\/a><\/div><\/div><\/div><div class=\"elementor-repeater-item-9075496 swiper-slide\" role=\"group\" aria-roledescription=\"slide\"><div class=\"swiper-slide-bg\" role=\"img\" aria-label=\"AdobeStock_340509733\"><\/div><div class=\"swiper-slide-inner\" ><div class=\"swiper-slide-contents\"><h2 class=\"elementor-slide-heading\">Human Resources<\/h2><p class=\"elementor-slide-description\"><p>Unsere nationalen HR-Teams unterst\u00fctzen die gesamte Gruppe mit modernen Personalstrategien, Talentf\u00f6rderung und Employer Branding. Wir f\u00f6rdern eine Kultur der Zusammenarbeit und des kontinuierlichen Lernens und stellen so sicher, dass unsere Mitarbeiter f\u00fcr die Herausforderungen von morgen ger\u00fcstet sind. <\/p>\n<\/p><a href=\"https:\/\/www.ek-retail.com\/de\/karriere\/\" class=\"elementor-button elementor-slide-button elementor-size-md\">Zur Karriereseite<\/a><\/div><\/div><\/div><div class=\"elementor-repeater-item-1acda96 swiper-slide\" role=\"group\" aria-roledescription=\"slide\"><div class=\"swiper-slide-bg\" role=\"img\" aria-label=\"lager\"><\/div><div class=\"swiper-slide-inner\" ><div class=\"swiper-slide-contents\"><h2 class=\"elementor-slide-heading\">Fracht- &amp; Logistik-Services<\/h2><p class=\"elementor-slide-description\"><p>Von der Beschaffungslogistik \u00fcber den Vertrieb bis hin zum Retourenmanagement optimieren unsere Logistikexperten Lieferketten und unterst\u00fctzen Mitglieder mit skalierbaren L\u00f6sungen, die auf ihre Bed\u00fcrfnisse zugeschnitten sind.<\/p>\n<\/p><\/div><\/div><\/div><div class=\"elementor-repeater-item-1103dba swiper-slide\" role=\"group\" aria-roledescription=\"slide\"><div class=\"swiper-slide-bg\" role=\"img\" aria-label=\"20250919Ridderhoffotografie(1001)\"><\/div><div class=\"swiper-slide-inner\" ><div class=\"swiper-slide-contents\"><h2 class=\"elementor-slide-heading\">Facility Management<\/h2><p class=\"elementor-slide-description\"><p>Wir verwalten und warten die physische Infrastruktur von EK und gew\u00e4hrleisten einen sicheren, nachhaltigen und kosteneffizienten Betrieb. Von Geb\u00e4udedienstleistungen \u00fcber Energiemanagement bis hin zur Workspace-Optimierung sorgt unser Team daf\u00fcr, dass im Hintergrund alles reibungslos l\u00e4uft. <\/p>\n<\/p><\/div><\/div><\/div>\t\t\t\t<\/div>\n\t\t\t\t\t\t\t\t\t\t\t\t\t\t\t<div class=\"elementor-swiper-button elementor-swiper-button-prev\" role=\"button\" tabindex=\"0\" aria-label=\"Vorheriger Slide\">\n\t\t\t\t\t\t\t<i aria-hidden=\"true\" class=\"eicon-chevron-left\"><\/i>\t\t\t\t\t\t<\/div>\n\t\t\t\t\t\t<div class=\"elementor-swiper-button elementor-swiper-button-next\" role=\"button\" tabindex=\"0\" aria-label=\"N\u00e4chster Slide\">\n\t\t\t\t\t\t\t<i aria-hidden=\"true\" class=\"eicon-chevron-right\"><\/i>\t\t\t\t\t\t<\/div>\n\t\t\t\t\t\t\t\t\t\t\t\t\t\t\t\t\t<\/div>\n\t\t\t\t<\/div>\n\t\t\t\t\t\t\t\t<\/div>\n\t\t\t\t<\/div>\n\t\t\t\t<\/div>\n\t\t\t\t<\/div>\n\t\t","protected":false},"excerpt":{"rendered":"<p>EK Holding Unsere Holding Services bieten wesentliche Unterst\u00fctzung, die den Erfolg unserer Verbundgruppe und ihrer H\u00e4ndler vorantreibt. Nehmen Sie Kontakt auf St\u00e4rkung unserer H\u00e4ndler und der Verbundgruppe Von strategischen Public Affairs und umfassenden Personall\u00f6sungen \u00fcber effiziente Fracht &amp; Logistik bis hin zu zuverl\u00e4ssigem Facility Management stellen wir sicher, dass jeder Aspekt unserer Gesch\u00e4ftst\u00e4tigkeit professionell gemanagt&hellip;<\/p>\n","protected":false},"author":2,"featured_media":0,"parent":0,"menu_order":0,"comment_status":"closed","ping_status":"closed","template":"elementor_header_footer","meta":{"footnotes":""},"class_list":["post-62956","page","type-page","status-publish","hentry"],"_links":{"self":[{"href":"https:\/\/www.ek-retail.com\/de\/wp-json\/wp\/v2\/pages\/62956","targetHints":{"allow":["GET"]}}],"collection":[{"href":"https:\/\/www.ek-retail.com\/de\/wp-json\/wp\/v2\/pages"}],"about":[{"href":"https:\/\/www.ek-retail.com\/de\/wp-json\/wp\/v2\/types\/page"}],"author":[{"embeddable":true,"href":"https:\/\/www.ek-retail.com\/de\/wp-json\/wp\/v2\/users\/2"}],"replies":[{"embeddable":true,"href":"https:\/\/www.ek-retail.com\/de\/wp-json\/wp\/v2\/comments?post=62956"}],"version-history":[{"count":0,"href":"https:\/\/www.ek-retail.com\/de\/wp-json\/wp\/v2\/pages\/62956\/revisions"}],"wp:attachment":[{"href":"https:\/\/www.ek-retail.com\/de\/wp-json\/wp\/v2\/media?parent=62956"}],"curies":[{"name":"wp","href":"https:\/\/api.w.org\/{rel}","templated":true}]}}