{"id":63874,"date":"2025-10-23T10:02:11","date_gmt":"2025-10-23T08:02:11","guid":{"rendered":"https:\/\/www-preview.ek-retail.com\/impressum\/"},"modified":"2026-02-04T10:16:08","modified_gmt":"2026-02-04T09:16:08","slug":"impressum","status":"publish","type":"page","link":"https:\/\/www.ek-retail.com\/de\/impressum\/","title":{"rendered":"Impressum"},"content":{"rendered":"\t\t<div data-elementor-type=\"wp-page\" data-elementor-id=\"63874\" class=\"elementor elementor-63874 elementor-54285\" data-elementor-post-type=\"page\">\n\t\t\t\t<div class=\"elementor-element elementor-element-db69cb3 hero-section e-flex e-con-boxed e-con e-parent\" data-id=\"db69cb3\" data-element_type=\"container\" data-e-type=\"container\">\n\t\t\t\t\t<div class=\"e-con-inner\">\n\t\t<div class=\"elementor-element elementor-element-99f2ad8 e-con-full e-flex e-con e-child\" data-id=\"99f2ad8\" data-element_type=\"container\" data-e-type=\"container\" data-settings=\"{&quot;background_background&quot;:&quot;classic&quot;}\">\n\t\t\t\t<div class=\"elementor-element elementor-element-42e5f20 elementor-widget__width-inherit elementor-widget elementor-widget-image\" data-id=\"42e5f20\" data-element_type=\"widget\" data-e-type=\"widget\" data-widget_type=\"image.default\">\n\t\t\t\t<div class=\"elementor-widget-container\">\n\t\t\t\t\t\t\t\t\t\t\t\t\t\t\t<img fetchpriority=\"high\" decoding=\"async\" width=\"2560\" height=\"1178\" src=\"https:\/\/www.ek-retail.com\/wp-content\/uploads\/2025\/10\/20250919Ridderhoffotografie1084-scaled-e1761207051653.jpg\" class=\"attachment-full size-full wp-image-63873\" alt=\"\" srcset=\"https:\/\/www.ek-retail.com\/wp-content\/uploads\/2025\/10\/20250919Ridderhoffotografie1084-scaled-e1761207051653.jpg 2560w, https:\/\/www.ek-retail.com\/wp-content\/uploads\/2025\/10\/20250919Ridderhoffotografie1084-scaled-e1761207051653-300x138.jpg 300w, https:\/\/www.ek-retail.com\/wp-content\/uploads\/2025\/10\/20250919Ridderhoffotografie1084-scaled-e1761207051653-1024x471.jpg 1024w, https:\/\/www.ek-retail.com\/wp-content\/uploads\/2025\/10\/20250919Ridderhoffotografie1084-scaled-e1761207051653-768x353.jpg 768w, https:\/\/www.ek-retail.com\/wp-content\/uploads\/2025\/10\/20250919Ridderhoffotografie1084-scaled-e1761207051653-1536x707.jpg 1536w, https:\/\/www.ek-retail.com\/wp-content\/uploads\/2025\/10\/20250919Ridderhoffotografie1084-scaled-e1761207051653-2048x942.jpg 2048w\" sizes=\"(max-width: 2560px) 100vw, 2560px\" \/>\t\t\t\t\t\t\t\t\t\t\t\t\t\t\t<\/div>\n\t\t\t\t<\/div>\n\t\t\t\t<\/div>\n\t\t<div class=\"elementor-element elementor-element-3f2a27c e-con-full ind-ek-icon e-flex e-con e-child\" data-id=\"3f2a27c\" data-element_type=\"container\" data-e-type=\"container\" data-settings=\"{&quot;background_background&quot;:&quot;classic&quot;}\">\n\t\t\t\t<div class=\"elementor-element elementor-element-83f647f elementor-widget elementor-widget-heading\" data-id=\"83f647f\" data-element_type=\"widget\" data-e-type=\"widget\" data-widget_type=\"heading.default\">\n\t\t\t\t<div class=\"elementor-widget-container\">\n\t\t\t\t\t<h1 class=\"elementor-heading-title elementor-size-default\">Impressum<\/h1>\t\t\t\t<\/div>\n\t\t\t\t<\/div>\n\t\t\t\t<div class=\"elementor-element elementor-element-4a805b0 elementor-widget elementor-widget-text-editor\" data-id=\"4a805b0\" data-element_type=\"widget\" data-e-type=\"widget\" data-widget_type=\"text-editor.default\">\n\t\t\t\t<div class=\"elementor-widget-container\">\n\t\t\t\t\t\t\t\t\t<p><strong>EK\/servicegroup eG<\/strong><br>Elpke 109<br>33605 Bielefeld<br>Telefon: +49 521 2092-0<br>Telefax: +49 521 2092-166<br>E-Mail: <a href=\"mailto:info.de@ek-retail.com\">info.de@ek-retail.com<\/a><br>Internet: <a href=\"http:\/\/www.ek-retail.com\/\">www.ek-retail.com<\/a><\/p>\t\t\t\t\t\t\t\t<\/div>\n\t\t\t\t<\/div>\n\t\t\t\t<\/div>\n\t\t\t\t\t<\/div>\n\t\t\t\t<\/div>\n\t\t<div class=\"elementor-element elementor-element-4a1bc8a e-flex e-con-boxed e-con e-parent\" data-id=\"4a1bc8a\" data-element_type=\"container\" data-e-type=\"container\">\n\t\t\t\t\t<div class=\"e-con-inner\">\n\t\t\t\t<div class=\"elementor-element elementor-element-5c7ca89 elementor-widget elementor-widget-text-editor\" data-id=\"5c7ca89\" data-element_type=\"widget\" data-e-type=\"widget\" data-widget_type=\"text-editor.default\">\n\t\t\t\t<div class=\"elementor-widget-container\">\n\t\t\t\t\t\t\t\t\t<p><strong>Die EK\/servicegroup eG wird vertreten durch:<\/strong><br>Vorstand: Martin Richrath (Vorsitzender), Frank Duijst, Gertjo Janssen, Jochen Pohle<br>Aufsichtsratsvorsitzender: Johannes Lenzschau<\/p><p>Registergericht: Amtsgericht Bielefeld<br>Genossenschaftsregister<br>Registernummer: GnR 229<\/p><p>Umsatzsteuer-Identifikationsnummer gem\u00e4\u00df \u00a7 27a Umsatzsteuergesetz: DE124003623<\/p><p><strong>Pr\u00fcfungsverband<\/strong><\/p><p>Der zust\u00e4ndige Pr\u00fcfungsverband gem\u00e4\u00df \u00a7 54 GenG ist der Genoverband e.V. mit Sitz in D\u00fcsseldorf, Deutschland, der unter <a href=\"http:\/\/www.genoverband.de\/\">http:\/\/www.genoverband.de<\/a> erreichbar ist.<\/p><p><strong> <\/strong><\/p><p><strong>Bildnachweise<\/strong><\/p><p>Alle Texte, Bilder, Grafiken, Ton-, Video- und Animationsdateien unterliegen dem Urheberrecht und anderen Gesetzen zum Schutz geistigen Eigentums. Sie d\u00fcrfen weder f\u00fcr kommerzielle Zwecke kopiert oder zur Weitergabe verwendet, noch ver\u00e4ndert und auf anderen Webseiten eingesetzt werden. Einige Internetseiten enthalten auch Bilder, die dem Urheberrecht derjenigen unterliegen, die diese zur Verf\u00fcgung gestellt haben.  <\/p>\t\t\t\t\t\t\t\t<\/div>\n\t\t\t\t<\/div>\n\t\t\t\t\t<\/div>\n\t\t\t\t<\/div>\n\t\t\t\t<\/div>\n\t\t","protected":false},"excerpt":{"rendered":"<p>Impressum EK\/servicegroup eGElpke 10933605 BielefeldTelefon: +49 521 2092-0Telefax: +49 521 2092-166E-Mail: info.de@ek-retail.comInternet: www.ek-retail.com Die EK\/servicegroup eG wird vertreten durch:Vorstand: Martin Richrath (Vorsitzender), Frank Duijst, Gertjo Janssen, Jochen PohleAufsichtsratsvorsitzender: Johannes Lenzschau Registergericht: Amtsgericht BielefeldGenossenschaftsregisterRegisternummer: GnR 229 Umsatzsteuer-Identifikationsnummer gem\u00e4\u00df \u00a7 27a Umsatzsteuergesetz: DE124003623 Pr\u00fcfungsverband Der zust\u00e4ndige Pr\u00fcfungsverband gem\u00e4\u00df \u00a7 54 GenG ist der Genoverband e.V. mit Sitz&hellip;<\/p>\n","protected":false},"author":2,"featured_media":0,"parent":0,"menu_order":0,"comment_status":"closed","ping_status":"closed","template":"elementor_header_footer","meta":{"footnotes":""},"class_list":["post-63874","page","type-page","status-publish","hentry"],"_links":{"self":[{"href":"https:\/\/www.ek-retail.com\/de\/wp-json\/wp\/v2\/pages\/63874","targetHints":{"allow":["GET"]}}],"collection":[{"href":"https:\/\/www.ek-retail.com\/de\/wp-json\/wp\/v2\/pages"}],"about":[{"href":"https:\/\/www.ek-retail.com\/de\/wp-json\/wp\/v2\/types\/page"}],"author":[{"embeddable":true,"href":"https:\/\/www.ek-retail.com\/de\/wp-json\/wp\/v2\/users\/2"}],"replies":[{"embeddable":true,"href":"https:\/\/www.ek-retail.com\/de\/wp-json\/wp\/v2\/comments?post=63874"}],"version-history":[{"count":0,"href":"https:\/\/www.ek-retail.com\/de\/wp-json\/wp\/v2\/pages\/63874\/revisions"}],"wp:attachment":[{"href":"https:\/\/www.ek-retail.com\/de\/wp-json\/wp\/v2\/media?parent=63874"}],"curies":[{"name":"wp","href":"https:\/\/api.w.org\/{rel}","templated":true}]}}