{"id":64176,"date":"2025-07-29T09:11:01","date_gmt":"2025-07-29T07:11:01","guid":{"rendered":"https:\/\/www-preview.ek-retail.com\/schlafzimmer-schlafen\/"},"modified":"2026-02-06T08:40:24","modified_gmt":"2026-02-06T07:40:24","slug":"schlafzimmer-schlafen","status":"publish","type":"page","link":"https:\/\/www.ek-retail.com\/de\/schlafzimmer-schlafen\/","title":{"rendered":"Schlafzimmer &amp; Schlafen"},"content":{"rendered":"\t\t<div data-elementor-type=\"wp-page\" data-elementor-id=\"64176\" class=\"elementor elementor-64176 elementor-49497\" data-elementor-post-type=\"page\">\n\t\t\t\t<div class=\"elementor-element elementor-element-79234f6 e-flex e-con-boxed e-con e-parent\" data-id=\"79234f6\" data-element_type=\"container\" data-e-type=\"container\">\n\t\t\t\t\t<div class=\"e-con-inner\">\n\t\t\t\t<div class=\"elementor-element elementor-element-4764860 elementor-widget elementor-widget-text-editor\" data-id=\"4764860\" data-element_type=\"widget\" data-e-type=\"widget\" data-widget_type=\"text-editor.default\">\n\t\t\t\t<div class=\"elementor-widget-container\">\n\t\t\t\t\t\t\t\t\t<p><strong><br><br><br><br><br><br>Platzhalter &#8212;-&gt;<\/strong><\/p><p>EK Living bietet sechs verschiedene Schlafkonzepte an: Altijd Goed Slapen, Slaapkenner (NOX, A-Sleep und OptiSleep) und Linolux. Als Unternehmer profitieren Sie von Einkaufsvorteilen bei diesen Konzepten, die eine Reihe hochwertiger Produkte wie Boxspringbetten, Betten, Bettwaren, Matratzen und Kleiderschr\u00e4nke umfassen.<br>CTA-Button: Werden Sie Teil eines der Konzepte -&gt; Anmeldeformular oder Kontaktdaten Karin Hesterman. <a title=\"\" href=\"mailto:Wonen@ek-retail.com\" target=\"_blank\" rel=\"noopener\">Wonen@ek-retail.com<\/a> <\/p><ol><li>Altijd Goed Slapen Logo)<br>Altijd Goed Slapen bietet eine breite Palette von Produkten f\u00fcr das mittlere und untere Marktsegment \u2013 von Boxspringbetten bis hin zu Kissen und von Matratzen bis hin zu Kleiderschr\u00e4nken.<\/li><li>Slaapkenner (Logo) Die Slaapkenner-Kollektion besteht aus einer Mischung einzigartiger Marken: OptiSleep, A-Sleep und NOX. Diese Marken erg\u00e4nzen Ihr bestehendes Sortiment und konzentrieren sich auf das mittlere und obere Marktsegment. <\/li><\/ol><p>a. NOX (Logo)<br>NOX-Schlafprodukte werden nach traditionellen Methoden hergestellt \u2013 jedoch mit modernsten Techniken. Jahrelange Erfahrung, Handwerkskunst und Innovationskraft vereinen sich in den NOX-Kollektionen.<br>b. Opti-Sleep (Logo)<br>Seit \u00fcber 20 Jahren bietet OptiSleep Unternehmern ein komplettes und vielf\u00e4ltiges Produktsortiment, das gr\u00f6\u00dftenteils in den Niederlanden entwickelt und hergestellt wird. Diese Marke beweist Jahr f\u00fcr Jahr ihren Wert. Dank Ihres Einkaufsvorteils und des Vertrauens in OptiSleep profitieren Sie von hohen Renditen.<br>c. A-Sleep (Logo)<br>Bei A-Sleep finden Sie die perfekte Balance zwischen modernem Design und ergonomischem Komfort, sodass Sie sich jede Nacht optimal erholen k\u00f6nnen.<br>Wir glauben, dass jeder einen tiefen, erholsamen Schlaf verdient \u2013 ohne Kompromisse.<br>Unsere Kollektion umfasst hochwertige Boxspringbetten, Matratzen und (Top-)Matratzen, die alle mit einem starken Fokus auf Funktionalit\u00e4t und Ergonomie entworfen wurden.      <\/p><ol start=\"3\"><li>Linolux (Logo)<br>Lassen Sie sich von Linolux inspirieren<br>Tausende von Menschen genie\u00dfen t\u00e4glich unsere Produkte \u2013 in den kostbaren Momenten, in denen sie neue Energie tanken, sich zur\u00fcckziehen, sich einh\u00fcllen, aufw\u00e4rmen oder sich fertig machen.<br>Diese wohltuende Ber\u00fchrung ist ein allt\u00e4glicher Luxus.<\/li><\/ol><p>CTA-Button: Werden Sie Teil eines der Konzepte -&gt;<\/p>\t\t\t\t\t\t\t\t<\/div>\n\t\t\t\t<\/div>\n\t\t\t\t\t<\/div>\n\t\t\t\t<\/div>\n\t\t\t\t<\/div>\n\t\t","protected":false},"excerpt":{"rendered":"<p>Platzhalter &#8212;-&gt; EK Living bietet sechs verschiedene Schlafkonzepte an: Altijd Goed Slapen, Slaapkenner (NOX, A-Sleep und OptiSleep) und Linolux. Als Unternehmer profitieren Sie von Einkaufsvorteilen bei diesen Konzepten, die eine Reihe hochwertiger Produkte wie Boxspringbetten, Betten, Bettwaren, Matratzen und Kleiderschr\u00e4nke umfassen.CTA-Button: Werden Sie Teil eines der Konzepte -&gt; Anmeldeformular oder Kontaktdaten Karin Hesterman. Wonen@ek-retail.com Altijd&hellip;<\/p>\n","protected":false},"author":2,"featured_media":0,"parent":0,"menu_order":0,"comment_status":"closed","ping_status":"closed","template":"elementor_header_footer","meta":{"footnotes":""},"class_list":["post-64176","page","type-page","status-publish","hentry"],"_links":{"self":[{"href":"https:\/\/www.ek-retail.com\/de\/wp-json\/wp\/v2\/pages\/64176","targetHints":{"allow":["GET"]}}],"collection":[{"href":"https:\/\/www.ek-retail.com\/de\/wp-json\/wp\/v2\/pages"}],"about":[{"href":"https:\/\/www.ek-retail.com\/de\/wp-json\/wp\/v2\/types\/page"}],"author":[{"embeddable":true,"href":"https:\/\/www.ek-retail.com\/de\/wp-json\/wp\/v2\/users\/2"}],"replies":[{"embeddable":true,"href":"https:\/\/www.ek-retail.com\/de\/wp-json\/wp\/v2\/comments?post=64176"}],"version-history":[{"count":0,"href":"https:\/\/www.ek-retail.com\/de\/wp-json\/wp\/v2\/pages\/64176\/revisions"}],"wp:attachment":[{"href":"https:\/\/www.ek-retail.com\/de\/wp-json\/wp\/v2\/media?parent=64176"}],"curies":[{"name":"wp","href":"https:\/\/api.w.org\/{rel}","templated":true}]}}