{"id":66692,"date":"2025-09-24T11:52:57","date_gmt":"2025-09-24T09:52:57","guid":{"rendered":"https:\/\/www-preview.ek-retail.com\/finanzdienstleistungen\/"},"modified":"2026-04-21T09:45:08","modified_gmt":"2026-04-21T07:45:08","slug":"finanzdienstleistungen","status":"publish","type":"page","link":"https:\/\/www.ek-retail.com\/de\/finanzdienstleistungen\/","title":{"rendered":"EK Financial Services"},"content":{"rendered":"\t\t<div data-elementor-type=\"wp-page\" data-elementor-id=\"66692\" class=\"elementor elementor-66692 elementor-53229\" data-elementor-post-type=\"page\">\n\t\t\t\t<div class=\"elementor-element elementor-element-27a16651 hero-section  e-flex e-con-boxed e-con e-parent\" data-id=\"27a16651\" data-element_type=\"container\" data-e-type=\"container\">\n\t\t\t\t\t<div class=\"e-con-inner\">\n\t\t<div class=\"elementor-element elementor-element-d8c1434 e-con-full hero-image e-flex e-con e-child\" data-id=\"d8c1434\" data-element_type=\"container\" data-e-type=\"container\" data-settings=\"{&quot;background_background&quot;:&quot;classic&quot;}\">\n\t\t\t\t<div class=\"elementor-element elementor-element-8c8ad80 elementor-widget__width-inherit elementor-widget elementor-widget-image\" data-id=\"8c8ad80\" data-element_type=\"widget\" data-e-type=\"widget\" data-widget_type=\"image.default\">\n\t\t\t\t<div class=\"elementor-widget-container\">\n\t\t\t\t\t\t\t\t\t\t\t\t\t\t\t<img fetchpriority=\"high\" decoding=\"async\" width=\"2560\" height=\"1440\" src=\"https:\/\/www.ek-retail.com\/wp-content\/uploads\/2026\/03\/business-colobration_3-1-scaled.jpg\" class=\"attachment-full size-full wp-image-66685\" alt=\"\" srcset=\"https:\/\/www.ek-retail.com\/wp-content\/uploads\/2026\/03\/business-colobration_3-1-scaled.jpg 2560w, https:\/\/www.ek-retail.com\/wp-content\/uploads\/2026\/03\/business-colobration_3-1-300x169.jpg 300w, https:\/\/www.ek-retail.com\/wp-content\/uploads\/2026\/03\/business-colobration_3-1-1024x576.jpg 1024w, https:\/\/www.ek-retail.com\/wp-content\/uploads\/2026\/03\/business-colobration_3-1-768x432.jpg 768w, https:\/\/www.ek-retail.com\/wp-content\/uploads\/2026\/03\/business-colobration_3-1-1536x864.jpg 1536w, https:\/\/www.ek-retail.com\/wp-content\/uploads\/2026\/03\/business-colobration_3-1-2048x1152.jpg 2048w\" sizes=\"(max-width: 2560px) 100vw, 2560px\" \/>\t\t\t\t\t\t\t\t\t\t\t\t\t\t\t<\/div>\n\t\t\t\t<\/div>\n\t\t\t\t<\/div>\n\t\t<div class=\"elementor-element elementor-element-ad9276b e-con-full ind-ek-icon hero-text e-flex e-con e-child\" data-id=\"ad9276b\" data-element_type=\"container\" data-e-type=\"container\" data-settings=\"{&quot;background_background&quot;:&quot;classic&quot;}\">\n\t\t\t\t<div class=\"elementor-element elementor-element-fe78a63 elementor-absolute hero-title elementor-widget elementor-widget-heading\" data-id=\"fe78a63\" data-element_type=\"widget\" data-e-type=\"widget\" data-settings=\"{&quot;_position&quot;:&quot;absolute&quot;}\" data-widget_type=\"heading.default\">\n\t\t\t\t<div class=\"elementor-widget-container\">\n\t\t\t\t\t<h1 class=\"elementor-heading-title elementor-size-default\">EK Financial Services<\/h1>\t\t\t\t<\/div>\n\t\t\t\t<\/div>\n\t\t\t\t<div class=\"elementor-element elementor-element-dcec651 elementor-widget elementor-widget-text-editor\" data-id=\"dcec651\" data-element_type=\"widget\" data-e-type=\"widget\" data-widget_type=\"text-editor.default\">\n\t\t\t\t<div class=\"elementor-widget-container\">\n\t\t\t\t\t\t\t\t\t<div>Wir versorgen die Gesch\u00e4ftsbereiche von EK mit intelligenten Finanzl\u00f6sungen und umsetzbaren Finanzinformationen, die das interne und externe Gesch\u00e4ft t\u00e4glich erleichtern.<\/div>\t\t\t\t\t\t\t\t<\/div>\n\t\t\t\t<\/div>\n\t\t\t\t<div class=\"elementor-element elementor-element-84a3085 elementor-align-left elementor-widget elementor-widget-button\" data-id=\"84a3085\" data-element_type=\"widget\" data-e-type=\"widget\" data-widget_type=\"button.default\">\n\t\t\t\t<div class=\"elementor-widget-container\">\n\t\t\t\t\t\t\t\t\t<div class=\"elementor-button-wrapper\">\n\t\t\t\t\t<a class=\"elementor-button elementor-button-link elementor-size-sm\" href=\"https:\/\/www.ek-retail.com\/de\/kontakt\/\">\n\t\t\t\t\t\t<span class=\"elementor-button-content-wrapper\">\n\t\t\t\t\t\t\t\t\t<span class=\"elementor-button-text\">Nehmen Sie Kontakt auf<\/span>\n\t\t\t\t\t<\/span>\n\t\t\t\t\t<\/a>\n\t\t\t\t<\/div>\n\t\t\t\t\t\t\t\t<\/div>\n\t\t\t\t<\/div>\n\t\t\t\t<\/div>\n\t\t\t\t\t<\/div>\n\t\t\t\t<\/div>\n\t\t<div class=\"elementor-element elementor-element-02c58a6 empowering-section e-flex e-con-boxed e-con e-parent\" data-id=\"02c58a6\" data-element_type=\"container\" data-e-type=\"container\">\n\t\t\t\t\t<div class=\"e-con-inner\">\n\t\t\t\t<div class=\"elementor-element elementor-element-daa17a5 elementor-widget elementor-widget-heading\" data-id=\"daa17a5\" data-element_type=\"widget\" data-e-type=\"widget\" data-widget_type=\"heading.default\">\n\t\t\t\t<div class=\"elementor-widget-container\">\n\t\t\t\t\t<h2 class=\"elementor-heading-title elementor-size-default\">Steigerung der Einzelhandelsperformance durch Finanzinformationen<\/h2>\t\t\t\t<\/div>\n\t\t\t\t<\/div>\n\t\t\t\t<div class=\"elementor-element elementor-element-1f4c99d elementor-widget elementor-widget-text-editor\" data-id=\"1f4c99d\" data-element_type=\"widget\" data-e-type=\"widget\" data-widget_type=\"text-editor.default\">\n\t\t\t\t<div class=\"elementor-widget-container\">\n\t\t\t\t\t\t\t\t\t<p><style>\na {<br \/>    text-decoration: none;<br \/>    color: #464feb;<br \/>}<br \/>tr th, tr td {<br \/>    border: 1px solid #e6e6e6;<br \/>}<br \/>tr th {<br \/>    background-color: #f5f5f5;<br \/>}<br \/><\/style><\/p><div>Wir st\u00e4rken die Zukunftsf\u00e4higkeit unserer Partner und unseres Unternehmens durch die Bereitstellung wertsch\u00f6pfender Finanzdienstleistungen sowie strategischer und finanzieller Prozesse.<br>Als bevorzugter Partner f\u00fcr alle finanziellen Angelegenheiten unterst\u00fctzen wir Handelsunternehmen bei der Zentralregulierung, Buchhaltung, dem Kreditmanagement und Reporting \u2013 zuverl\u00e4ssig, effizient und mit klarem Fokus auf Wachstum.<\/div>\t\t\t\t\t\t\t\t<\/div>\n\t\t\t\t<\/div>\n\t\t\t\t\t<\/div>\n\t\t\t\t<\/div>\n\t\t<div class=\"elementor-element elementor-element-579ec63 our-digital-solutions-section e-flex e-con-boxed e-con e-parent\" data-id=\"579ec63\" data-element_type=\"container\" data-e-type=\"container\" data-settings=\"{&quot;background_background&quot;:&quot;classic&quot;}\">\n\t\t\t\t\t<div class=\"e-con-inner\">\n\t\t\t\t<div class=\"elementor-element elementor-element-19d870ef elementor-widget__width-initial elementor-widget elementor-widget-text-editor\" data-id=\"19d870ef\" data-element_type=\"widget\" data-e-type=\"widget\" data-widget_type=\"text-editor.default\">\n\t\t\t\t<div class=\"elementor-widget-container\">\n\t\t\t\t\t\t\t\t\t<h2>Unsere Finanzplattform &amp; Partner<\/h2><div>Kollaborativ. Zuverl\u00e4ssig. Wirkungsorientiert. Gemeinsam mit unseren Partnern unterst\u00fctzen wir den Handel von morgen.   <\/div>\t\t\t\t\t\t\t\t<\/div>\n\t\t\t\t<\/div>\n\t\t\t\t<div class=\"elementor-element elementor-element-3e5ecb79 elementor-arrows-position-outside elementor-widget-mobile__width-inherit elementor-widget elementor-widget-n-carousel\" data-id=\"3e5ecb79\" data-element_type=\"widget\" data-e-type=\"widget\" data-settings=\"{&quot;carousel_items&quot;:[{&quot;slide_title&quot;:&quot;Slide #1&quot;,&quot;_id&quot;:&quot;b681537&quot;},{&quot;slide_title&quot;:&quot;Slide #3&quot;,&quot;_id&quot;:&quot;145cdae&quot;}],&quot;slides_to_show&quot;:&quot;2&quot;,&quot;image_spacing_custom&quot;:{&quot;unit&quot;:&quot;px&quot;,&quot;size&quot;:0,&quot;sizes&quot;:[]},&quot;slides_to_show_tablet&quot;:&quot;2&quot;,&quot;slides_to_show_mobile&quot;:&quot;1&quot;,&quot;infinite&quot;:&quot;yes&quot;,&quot;speed&quot;:500,&quot;offset_sides&quot;:&quot;none&quot;,&quot;arrows&quot;:&quot;yes&quot;,&quot;image_spacing_custom_tablet&quot;:{&quot;unit&quot;:&quot;px&quot;,&quot;size&quot;:&quot;&quot;,&quot;sizes&quot;:[]},&quot;image_spacing_custom_mobile&quot;:{&quot;unit&quot;:&quot;px&quot;,&quot;size&quot;:&quot;&quot;,&quot;sizes&quot;:[]}}\" data-widget_type=\"nested-carousel.default\">\n\t\t\t\t<div class=\"elementor-widget-container\">\n\t\t\t\t\t\t\t<div class=\"e-n-carousel swiper\" role=\"region\" aria-roledescription=\"carousel\" aria-label=\"Karussell\" dir=\"ltr\">\n\t\t\t<div class=\"swiper-wrapper\" aria-live=\"polite\">\n\t\t\t\t\t\t\t\t\t\t<div class=\"swiper-slide\" data-slide=\"1\" role=\"group\" aria-roledescription=\"slide\" aria-label=\"1 von 2\">\n\t\t\t\t\t\t\t<div class=\"elementor-element elementor-element-307baca0 e-flex e-con-boxed e-con e-child\" data-id=\"307baca0\" data-element_type=\"container\" data-e-type=\"container\">\n\t\t\t\t\t<div class=\"e-con-inner\">\n\t\t\t\t<div class=\"elementor-element elementor-element-2b240804 elementor-widget elementor-widget-image\" data-id=\"2b240804\" data-element_type=\"widget\" data-e-type=\"widget\" data-widget_type=\"image.default\">\n\t\t\t\t<div class=\"elementor-widget-container\">\n\t\t\t\t\t\t\t\t\t\t\t\t<figure class=\"wp-caption\">\n\t\t\t\t\t\t\t\t\t\t\t<a href=\"https:\/\/retail-pay.com\/csportal\/control\/main\" target=\"_blank\">\n\t\t\t\t\t\t\t<img decoding=\"async\" width=\"555\" height=\"370\" src=\"https:\/\/www.ek-retail.com\/wp-content\/uploads\/2026\/03\/Slider_Retail-Pay.png\" class=\"attachment-large size-large wp-image-66686\" alt=\"\" srcset=\"https:\/\/www.ek-retail.com\/wp-content\/uploads\/2026\/03\/Slider_Retail-Pay.png 555w, https:\/\/www.ek-retail.com\/wp-content\/uploads\/2026\/03\/Slider_Retail-Pay-300x200.png 300w\" sizes=\"(max-width: 555px) 100vw, 555px\" \/>\t\t\t\t\t\t\t\t<\/a>\n\t\t\t\t\t\t\t\t\t\t\t<figcaption class=\"widget-image-caption wp-caption-text\">Portal f\u00fcr unsere Partner in der Zentralregulierung<\/figcaption>\n\t\t\t\t\t\t\t\t\t\t<\/figure>\n\t\t\t\t\t\t\t\t\t<\/div>\n\t\t\t\t<\/div>\n\t\t\t\t\t<\/div>\n\t\t\t\t<\/div>\n\t\t\t\t\t\t\t\t<\/div>\n\t\t\t\t\t\t\t\t\t\t\t<div class=\"swiper-slide\" data-slide=\"2\" role=\"group\" aria-roledescription=\"slide\" aria-label=\"2 von 2\">\n\t\t\t\t\t\t\t<div class=\"elementor-element elementor-element-663b9123 e-flex e-con-boxed e-con e-child\" data-id=\"663b9123\" data-element_type=\"container\" data-e-type=\"container\">\n\t\t\t\t\t<div class=\"e-con-inner\">\n\t\t\t\t<div class=\"elementor-element elementor-element-6219718d elementor-widget elementor-widget-image\" data-id=\"6219718d\" data-element_type=\"widget\" data-e-type=\"widget\" data-widget_type=\"image.default\">\n\t\t\t\t<div class=\"elementor-widget-container\">\n\t\t\t\t\t\t\t\t\t\t\t\t<figure class=\"wp-caption\">\n\t\t\t\t\t\t\t\t\t\t\t<a href=\"https:\/\/www.kvv-gruppe.com\/\" target=\"_blank\">\n\t\t\t\t\t\t\t<img decoding=\"async\" width=\"300\" height=\"200\" src=\"https:\/\/www.ek-retail.com\/wp-content\/uploads\/2025\/12\/KVV_Logo_fbg.png\" class=\"attachment-large size-large wp-image-61787\" alt=\"\" \/>\t\t\t\t\t\t\t\t<\/a>\n\t\t\t\t\t\t\t\t\t\t\t<figcaption class=\"widget-image-caption wp-caption-text\">Versicherungen, Vorsorge, Spezialisiert auf Handel und Bauwirtschaft<\/figcaption>\n\t\t\t\t\t\t\t\t\t\t<\/figure>\n\t\t\t\t\t\t\t\t\t<\/div>\n\t\t\t\t<\/div>\n\t\t\t\t\t<\/div>\n\t\t\t\t<\/div>\n\t\t\t\t\t\t\t\t<\/div>\n\t\t\t\t\t\t\t\t<\/div>\n\t\t<\/div>\n\t\t\t\t\t<div class=\"elementor-swiper-button elementor-swiper-button-prev\" role=\"button\" tabindex=\"0\" aria-label=\"Voriger\">\n\t\t\t\t<i aria-hidden=\"true\" class=\"feather feather-chevron-left\"><\/i>\t\t\t<\/div>\n\t\t\t<div class=\"elementor-swiper-button elementor-swiper-button-next\" role=\"button\" tabindex=\"0\" aria-label=\"N\u00e4chster\">\n\t\t\t\t<i aria-hidden=\"true\" class=\"feather feather-chevron-right\"><\/i>\t\t\t<\/div>\n\t\t\t\t\t\t<\/div>\n\t\t\t\t<\/div>\n\t\t\t\t\t<\/div>\n\t\t\t\t<\/div>\n\t\t<div class=\"elementor-element elementor-element-9597db6 custom-slider-section e-con-full e-flex e-con e-parent\" data-id=\"9597db6\" data-element_type=\"container\" data-e-type=\"container\" data-settings=\"{&quot;background_background&quot;:&quot;classic&quot;}\">\n\t\t\t\t<div class=\"elementor-element elementor-element-3a5eeb96 elementor-widget-mobile__width-inherit elementor-widget elementor-widget-text-editor\" data-id=\"3a5eeb96\" data-element_type=\"widget\" data-e-type=\"widget\" data-widget_type=\"text-editor.default\">\n\t\t\t\t<div class=\"elementor-widget-container\">\n\t\t\t\t\t\t\t\t\t<h2><strong>Unsere Finanzdienstleistungen<\/strong><\/h2><p>EK Financial Services ist der kompetente Gesch\u00e4ftspartner, der innerhalb der EK-Organisation einen Mehrwert bietet. Wir sind der Anbieter von Finanzprozessen, um das interne und externe Gesch\u00e4ft t\u00e4glich zu verbessern.  <\/p>\t\t\t\t\t\t\t\t<\/div>\n\t\t\t\t<\/div>\n\t\t\t\t<div class=\"elementor-element elementor-element-798ecdf2 elementor--h-position-left custom-slides elementor--v-position-middle elementor-arrows-position-inside elementor-widget elementor-widget-slides\" data-id=\"798ecdf2\" data-element_type=\"widget\" data-e-type=\"widget\" data-settings=\"{&quot;navigation&quot;:&quot;arrows&quot;,&quot;transition&quot;:&quot;fade&quot;,&quot;infinite&quot;:&quot;yes&quot;,&quot;transition_speed&quot;:500}\" data-widget_type=\"slides.default\">\n\t\t\t\t<div class=\"elementor-widget-container\">\n\t\t\t\t\t\t\t\t\t<div class=\"elementor-swiper\">\n\t\t\t\t\t<div class=\"elementor-slides-wrapper elementor-main-swiper swiper\" role=\"region\" aria-roledescription=\"carousel\" aria-label=\"Slider\" dir=\"ltr\" data-animation=\"fadeInRight\">\n\t\t\t\t<div class=\"swiper-wrapper elementor-slides\">\n\t\t\t\t\t\t\t\t\t\t<div class=\"elementor-repeater-item-353c42a swiper-slide\" role=\"group\" aria-roledescription=\"slide\"><div class=\"swiper-slide-bg\" role=\"img\" aria-label=\"Kreative professionelle Gesch\u00e4ftsleute arbeiten im B\u00fcro an einem Gesch\u00e4ftsprojekt\"><\/div><div class=\"swiper-slide-inner\" ><div class=\"swiper-slide-contents\"><h2 class=\"elementor-slide-heading\">Zentralregulierung<\/h2><p class=\"elementor-slide-description\"><p>Bei EK Retail sind rund 6.000 Markenhersteller \u00fcber die Zentralregulierung erreichbar.<br \/>\nWir wickeln alle Finanztransaktionen zwischen unseren Einzelh\u00e4ndlern und Lieferanten sicher, schnell und vollst\u00e4ndig IT-gest\u00fctzt ab.<br \/>\nWir begleichen f\u00e4llige Rechnungen im Namen unserer Einzelh\u00e4ndler und garantieren die Forderungen der Lieferanten, was f\u00fcr maximale Zahlungssicherheit sorgt.<br \/>Rund 4.000 Kunden und 6.000 Lieferanten profitieren von unserer Expertise im Stammdatenmanagement, in Lieferantenvertr\u00e4gen, im Zahlungsverkehr, in der Belegerstellung und im pers\u00f6nlichen Kundenservice.<\/p>\n<\/p><a href=\"https:\/\/www.ek-retail.com\/de\/kontakt\/\" class=\"elementor-button elementor-slide-button elementor-size-md\">Nehmen Sie Kontakt auf<\/a><\/div><\/div><\/div><div class=\"elementor-repeater-item-7427ab8 swiper-slide\" role=\"group\" aria-roledescription=\"slide\"><div class=\"swiper-slide-bg\" role=\"img\" aria-label=\"Business-Team arbeitet zusammen und l\u00f6st Probleme, Generative KI\"><\/div><div class=\"swiper-slide-inner\" ><div class=\"swiper-slide-contents\"><h2 class=\"elementor-slide-heading\">Kreditmanagement<\/h2><p class=\"elementor-slide-description\"><p>Unser Kreditmanagement-Team ist auf Risikomanagement spezialisiert, um Nichtzahlungsrisiken f\u00fcr EK und seine Partner zu verhindern oder zu minimieren. Dies beinhaltet bei Bedarf strategische Rekapitalisierungsma\u00dfnahmen.  <br \/>Um ein gesundes und zuverl\u00e4ssiges Gesch\u00e4ftsumfeld zu gew\u00e4hrleisten, f\u00fchren unsere Experten t\u00e4glich Neukundenpr\u00fcfungen durch und verwalten sorgf\u00e4ltig Mitgliedervertr\u00e4ge sowie Stammdaten. <\/p>\n<\/p><a href=\"https:\/\/www.ek-retail.com\/de\/kontakt\/\" class=\"elementor-button elementor-slide-button elementor-size-md\">Nehmen Sie Kontakt auf<\/a><\/div><\/div><\/div><div class=\"elementor-repeater-item-9075496 swiper-slide\" role=\"group\" aria-roledescription=\"slide\"><div class=\"swiper-slide-bg\" role=\"img\" aria-label=\"20250919Ridderhoffotografie(1111)\"><\/div><div class=\"swiper-slide-inner\" ><div class=\"swiper-slide-contents\"><h2 class=\"elementor-slide-heading\">Finanzen &amp; Controlling<\/h2><p class=\"elementor-slide-description\"><p>Der bevorzugte interne Dienstleister zur Sicherstellung einer pr\u00e4zisen Finanzberichterstattung, der Einhaltung gesetzlicher Vorschriften, einer effektiven Finanzplanung und strategischer Entscheidungsfindung. Er unterst\u00fctzt die Stabilit\u00e4t, Leistung und langfristigen Ziele der Organisation. <\/p>\n<\/p><a href=\"https:\/\/www.ek-retail.com\/de\/kontakt\/\" class=\"elementor-button elementor-slide-button elementor-size-md\">Nehmen Sie Kontakt auf<\/a><\/div><\/div><\/div>\t\t\t\t<\/div>\n\t\t\t\t\t\t\t\t\t\t\t\t\t\t\t<div class=\"elementor-swiper-button elementor-swiper-button-prev\" role=\"button\" tabindex=\"0\" aria-label=\"Vorheriger Slide\">\n\t\t\t\t\t\t\t<i aria-hidden=\"true\" class=\"eicon-chevron-left\"><\/i>\t\t\t\t\t\t<\/div>\n\t\t\t\t\t\t<div class=\"elementor-swiper-button elementor-swiper-button-next\" role=\"button\" tabindex=\"0\" aria-label=\"N\u00e4chster Slide\">\n\t\t\t\t\t\t\t<i aria-hidden=\"true\" class=\"eicon-chevron-right\"><\/i>\t\t\t\t\t\t<\/div>\n\t\t\t\t\t\t\t\t\t\t\t\t\t\t\t\t\t<\/div>\n\t\t\t\t<\/div>\n\t\t\t\t\t\t\t\t<\/div>\n\t\t\t\t<\/div>\n\t\t\t\t<\/div>\n\t\t\t\t<\/div>\n\t\t","protected":false},"excerpt":{"rendered":"<p>EK Financial Services Wir versorgen die Gesch\u00e4ftsbereiche von EK mit intelligenten Finanzl\u00f6sungen und umsetzbaren Finanzinformationen, die das interne und externe Gesch\u00e4ft t\u00e4glich erleichtern. Nehmen Sie Kontakt auf Steigerung der Einzelhandelsperformance durch Finanzinformationen Wir st\u00e4rken die Zukunftsf\u00e4higkeit unserer Partner und unseres Unternehmens durch die Bereitstellung wertsch\u00f6pfender Finanzdienstleistungen sowie strategischer und finanzieller Prozesse.Als bevorzugter Partner f\u00fcr alle&hellip;<\/p>\n","protected":false},"author":2,"featured_media":0,"parent":0,"menu_order":0,"comment_status":"closed","ping_status":"closed","template":"elementor_header_footer","meta":{"footnotes":""},"class_list":["post-66692","page","type-page","status-publish","hentry"],"_links":{"self":[{"href":"https:\/\/www.ek-retail.com\/de\/wp-json\/wp\/v2\/pages\/66692","targetHints":{"allow":["GET"]}}],"collection":[{"href":"https:\/\/www.ek-retail.com\/de\/wp-json\/wp\/v2\/pages"}],"about":[{"href":"https:\/\/www.ek-retail.com\/de\/wp-json\/wp\/v2\/types\/page"}],"author":[{"embeddable":true,"href":"https:\/\/www.ek-retail.com\/de\/wp-json\/wp\/v2\/users\/2"}],"replies":[{"embeddable":true,"href":"https:\/\/www.ek-retail.com\/de\/wp-json\/wp\/v2\/comments?post=66692"}],"version-history":[{"count":2,"href":"https:\/\/www.ek-retail.com\/de\/wp-json\/wp\/v2\/pages\/66692\/revisions"}],"predecessor-version":[{"id":68100,"href":"https:\/\/www.ek-retail.com\/de\/wp-json\/wp\/v2\/pages\/66692\/revisions\/68100"}],"wp:attachment":[{"href":"https:\/\/www.ek-retail.com\/de\/wp-json\/wp\/v2\/media?parent=66692"}],"curies":[{"name":"wp","href":"https:\/\/api.w.org\/{rel}","templated":true}]}}