{"id":68406,"date":"2026-05-08T10:51:03","date_gmt":"2026-05-08T08:51:03","guid":{"rendered":"https:\/\/www.ek-retail.com\/allgemeine-verkaufs-und-lieferbedingungen\/"},"modified":"2026-05-08T11:28:47","modified_gmt":"2026-05-08T09:28:47","slug":"allgemeine-verkaufs-und-lieferbedingungen","status":"publish","type":"page","link":"https:\/\/www.ek-retail.com\/de\/allgemeine-verkaufs-und-lieferbedingungen\/","title":{"rendered":"Allgemeine Verkaufs- und Lieferbedingungen"},"content":{"rendered":"\t\t<div data-elementor-type=\"wp-page\" data-elementor-id=\"68406\" class=\"elementor elementor-68406 elementor-68367\" data-elementor-post-type=\"page\">\n\t\t\t\t<div class=\"elementor-element elementor-element-04fb68d e-flex e-con-boxed e-con e-parent\" data-id=\"04fb68d\" data-element_type=\"container\" data-e-type=\"container\">\n\t\t\t\t\t<div class=\"e-con-inner\">\n\t\t\t\t<div class=\"elementor-element elementor-element-bb51da2 elementor-widget elementor-widget-text-editor\" data-id=\"bb51da2\" data-element_type=\"widget\" data-e-type=\"widget\" data-widget_type=\"text-editor.default\">\n\t\t\t\t<div class=\"elementor-widget-container\">\n\t\t\t\t\t\t\t\t\t<h3 data-start=\"48\" data-end=\"241\">Allgemeine Gesch\u00e4ftsbedingungen<\/h3><p data-start=\"48\" data-end=\"241\"><span style=\"background-color: rgba(255, 255, 255, 0); word-spacing: normal;\">Auf dieser Seite finden Sie unsere allgemeinen Liefer- und Verkaufsbedingungen. Diese Dokumente beschreiben die Bedingungen, die f\u00fcr unsere Produkte, Dienstleistungen, Lieferungen und die damit verbundenen Vereinbarungen gelten. <\/span><\/p><p data-start=\"243\" data-end=\"377\">Die Allgemeinen Gesch\u00e4ftsbedingungen sind als PDF-Dokumente auf Niederl\u00e4ndisch und Deutsch verf\u00fcgbar. Bitte w\u00e4hlen Sie die Version aus, die auf Ihre Situation zutrifft. <\/p><p><strong>Deutsch:<\/strong><br><a href=\"https:\/\/www.ek-retail.com\/wp-content\/uploads\/2026\/05\/Allgemeine-Betriebs-und-Geschaftsbedingungen.pdf\" target=\"_blank\" rel=\"noopener\">Allgemeine Betriebs- und Gesch\u00e4ftsbedingungen<\/a><\/p><p><strong>Niederl\u00e4ndisch<\/strong><br><a href=\"https:\/\/www.ek-retail.com\/wp-content\/uploads\/2026\/05\/Algemene-Verkoop-en-Leveringsvoorwaarden.pdf\" target=\"_blank\" rel=\"noopener\">Algemene verkoop en Leveringsvoorwaarden <\/a> <\/p>\t\t\t\t\t\t\t\t<\/div>\n\t\t\t\t<\/div>\n\t\t\t\t\t<\/div>\n\t\t\t\t<\/div>\n\t\t\t\t<\/div>\n\t\t","protected":false},"excerpt":{"rendered":"<p>Allgemeine Gesch\u00e4ftsbedingungen Auf dieser Seite finden Sie unsere allgemeinen Liefer- und Verkaufsbedingungen. Diese Dokumente beschreiben die Bedingungen, die f\u00fcr unsere Produkte, Dienstleistungen, Lieferungen und die damit verbundenen Vereinbarungen gelten. Die Allgemeinen Gesch\u00e4ftsbedingungen sind als PDF-Dokumente auf Niederl\u00e4ndisch und Deutsch verf\u00fcgbar. Bitte w\u00e4hlen Sie die Version aus, die auf Ihre Situation zutrifft. Deutsch:Allgemeine Betriebs- und Gesch\u00e4ftsbedingungen&hellip;<\/p>\n","protected":false},"author":4,"featured_media":0,"parent":0,"menu_order":0,"comment_status":"closed","ping_status":"closed","template":"elementor_header_footer","meta":{"footnotes":""},"class_list":["post-68406","page","type-page","status-publish","hentry"],"_links":{"self":[{"href":"https:\/\/www.ek-retail.com\/de\/wp-json\/wp\/v2\/pages\/68406","targetHints":{"allow":["GET"]}}],"collection":[{"href":"https:\/\/www.ek-retail.com\/de\/wp-json\/wp\/v2\/pages"}],"about":[{"href":"https:\/\/www.ek-retail.com\/de\/wp-json\/wp\/v2\/types\/page"}],"author":[{"embeddable":true,"href":"https:\/\/www.ek-retail.com\/de\/wp-json\/wp\/v2\/users\/4"}],"replies":[{"embeddable":true,"href":"https:\/\/www.ek-retail.com\/de\/wp-json\/wp\/v2\/comments?post=68406"}],"version-history":[{"count":1,"href":"https:\/\/www.ek-retail.com\/de\/wp-json\/wp\/v2\/pages\/68406\/revisions"}],"predecessor-version":[{"id":68409,"href":"https:\/\/www.ek-retail.com\/de\/wp-json\/wp\/v2\/pages\/68406\/revisions\/68409"}],"wp:attachment":[{"href":"https:\/\/www.ek-retail.com\/de\/wp-json\/wp\/v2\/media?parent=68406"}],"curies":[{"name":"wp","href":"https:\/\/api.w.org\/{rel}","templated":true}]}}