{"id":63871,"date":"2025-10-23T10:02:11","date_gmt":"2025-10-23T08:02:11","guid":{"rendered":"https:\/\/www-preview.ek-retail.com\/mentions-legales\/"},"modified":"2026-02-04T10:15:33","modified_gmt":"2026-02-04T09:15:33","slug":"mentions-legales","status":"publish","type":"page","link":"https:\/\/www.ek-retail.com\/fr\/mentions-legales\/","title":{"rendered":"Mentions l\u00e9gales"},"content":{"rendered":"\t\t<div data-elementor-type=\"wp-page\" data-elementor-id=\"63871\" class=\"elementor elementor-63871 elementor-54285\" data-elementor-post-type=\"page\">\n\t\t\t\t<div class=\"elementor-element elementor-element-db69cb3 hero-section e-flex e-con-boxed e-con e-parent\" data-id=\"db69cb3\" data-element_type=\"container\" data-e-type=\"container\">\n\t\t\t\t\t<div class=\"e-con-inner\">\n\t\t<div class=\"elementor-element elementor-element-99f2ad8 e-con-full e-flex e-con e-child\" data-id=\"99f2ad8\" data-element_type=\"container\" data-e-type=\"container\" data-settings=\"{&quot;background_background&quot;:&quot;classic&quot;}\">\n\t\t\t\t<div class=\"elementor-element elementor-element-42e5f20 elementor-widget__width-inherit elementor-widget elementor-widget-image\" data-id=\"42e5f20\" data-element_type=\"widget\" data-e-type=\"widget\" data-widget_type=\"image.default\">\n\t\t\t\t<div class=\"elementor-widget-container\">\n\t\t\t\t\t\t\t\t\t\t\t\t\t\t\t<img fetchpriority=\"high\" decoding=\"async\" width=\"2560\" height=\"1178\" src=\"https:\/\/www.ek-retail.com\/wp-content\/uploads\/2025\/10\/20250919Ridderhoffotografie1084-scaled-e1761207051653.jpg\" class=\"attachment-full size-full wp-image-63870\" alt=\"\" srcset=\"https:\/\/www.ek-retail.com\/wp-content\/uploads\/2025\/10\/20250919Ridderhoffotografie1084-scaled-e1761207051653.jpg 2560w, https:\/\/www.ek-retail.com\/wp-content\/uploads\/2025\/10\/20250919Ridderhoffotografie1084-scaled-e1761207051653-300x138.jpg 300w, https:\/\/www.ek-retail.com\/wp-content\/uploads\/2025\/10\/20250919Ridderhoffotografie1084-scaled-e1761207051653-1024x471.jpg 1024w, https:\/\/www.ek-retail.com\/wp-content\/uploads\/2025\/10\/20250919Ridderhoffotografie1084-scaled-e1761207051653-768x353.jpg 768w, https:\/\/www.ek-retail.com\/wp-content\/uploads\/2025\/10\/20250919Ridderhoffotografie1084-scaled-e1761207051653-1536x707.jpg 1536w, https:\/\/www.ek-retail.com\/wp-content\/uploads\/2025\/10\/20250919Ridderhoffotografie1084-scaled-e1761207051653-2048x942.jpg 2048w\" sizes=\"(max-width: 2560px) 100vw, 2560px\" \/>\t\t\t\t\t\t\t\t\t\t\t\t\t\t\t<\/div>\n\t\t\t\t<\/div>\n\t\t\t\t<\/div>\n\t\t<div class=\"elementor-element elementor-element-3f2a27c e-con-full ind-ek-icon e-flex e-con e-child\" data-id=\"3f2a27c\" data-element_type=\"container\" data-e-type=\"container\" data-settings=\"{&quot;background_background&quot;:&quot;classic&quot;}\">\n\t\t\t\t<div class=\"elementor-element elementor-element-83f647f elementor-widget elementor-widget-heading\" data-id=\"83f647f\" data-element_type=\"widget\" data-e-type=\"widget\" data-widget_type=\"heading.default\">\n\t\t\t\t<div class=\"elementor-widget-container\">\n\t\t\t\t\t<h1 class=\"elementor-heading-title elementor-size-default\">Mentions l\u00e9gales<\/h1>\t\t\t\t<\/div>\n\t\t\t\t<\/div>\n\t\t\t\t<div class=\"elementor-element elementor-element-4a805b0 elementor-widget elementor-widget-text-editor\" data-id=\"4a805b0\" data-element_type=\"widget\" data-e-type=\"widget\" data-widget_type=\"text-editor.default\">\n\t\t\t\t<div class=\"elementor-widget-container\">\n\t\t\t\t\t\t\t\t\t<p><strong>EK\/servicegroup eG<\/strong><br>Elpke 109<br>33605 Bielefeld<br>T\u00e9l\u00e9phone : +49 521 2092-0<br>T\u00e9l\u00e9copie : +49 521 2092-166<br>E-mail : <a href=\"mailto:info.de@ek-retail.com\">info.de@ek-retail.com<\/a><br>Internet : <a href=\"http:\/\/www.ek-retail.com\/\">www.ek-retail.com<\/a><\/p>\t\t\t\t\t\t\t\t<\/div>\n\t\t\t\t<\/div>\n\t\t\t\t<\/div>\n\t\t\t\t\t<\/div>\n\t\t\t\t<\/div>\n\t\t<div class=\"elementor-element elementor-element-4a1bc8a e-flex e-con-boxed e-con e-parent\" data-id=\"4a1bc8a\" data-element_type=\"container\" data-e-type=\"container\">\n\t\t\t\t\t<div class=\"e-con-inner\">\n\t\t\t\t<div class=\"elementor-element elementor-element-5c7ca89 elementor-widget elementor-widget-text-editor\" data-id=\"5c7ca89\" data-element_type=\"widget\" data-e-type=\"widget\" data-widget_type=\"text-editor.default\">\n\t\t\t\t<div class=\"elementor-widget-container\">\n\t\t\t\t\t\t\t\t\t<p><strong>EK\/servicegroup eG est repr\u00e9sent\u00e9e par :<\/strong><br>Conseil d&#8217;administration : Martin Richrath (pr\u00e9sident), Frank Duijst, Gertjo Janssen, Jochen Pohle<br>Pr\u00e9sident du conseil de surveillance : Johannes Lenzschau<\/p><p>Tribunal comp\u00e9tent : Tribunal local de Bielefeld<br>Registre des coop\u00e9ratives<br>Num\u00e9ro d&#8217;enregistrement : GnR 229<\/p><p>Num\u00e9ro d&#8217;identification \u00e0 la TVA conform\u00e9ment au \u00a7 27a de la loi allemande sur la TVA&nbsp;: DE124003623<\/p><p><strong>Association d&#8217;audit<\/strong><\/p><p>L&#8217;association d&#8217;audit responsable conform\u00e9ment au \u00a7 54 GenG est la Genoverband e.V. dont le si\u00e8ge est \u00e0 D\u00fcsseldorf, en Allemagne, et qui peut \u00eatre contact\u00e9e \u00e0 l&#8217;adresse <a href=\"http:\/\/www.genoverband.de\/\">http:\/\/www.genoverband.de<\/a>.<\/p><p><strong> <\/strong><\/p><p><strong>Cr\u00e9dits photographiques<\/strong><\/p><p>Tous les textes, images, graphiques, sons, vid\u00e9os et fichiers d&#8217;animation sont soumis au droit d&#8217;auteur et autres lois relatives \u00e0 la protection de la propri\u00e9t\u00e9 intellectuelle. Ils ne peuvent \u00eatre copi\u00e9s \u00e0 des fins commerciales ou de distribution, ni \u00eatre modifi\u00e9s ou utilis\u00e9s sur d&#8217;autres sites web. Certaines pages Internet contiennent \u00e9galement des images soumises au droit d&#8217;auteur de ceux qui les ont fournies.  <\/p>\t\t\t\t\t\t\t\t<\/div>\n\t\t\t\t<\/div>\n\t\t\t\t\t<\/div>\n\t\t\t\t<\/div>\n\t\t\t\t<\/div>\n\t\t","protected":false},"excerpt":{"rendered":"<p>Mentions l\u00e9gales EK\/servicegroup eGElpke 10933605 BielefeldT\u00e9l\u00e9phone : +49 521 2092-0T\u00e9l\u00e9copie : +49 521 2092-166E-mail : info.de@ek-retail.comInternet : www.ek-retail.com EK\/servicegroup eG est repr\u00e9sent\u00e9e par :Conseil d&#8217;administration : Martin Richrath (pr\u00e9sident), Frank Duijst, Gertjo Janssen, Jochen PohlePr\u00e9sident du conseil de surveillance : Johannes Lenzschau Tribunal comp\u00e9tent : Tribunal local de BielefeldRegistre des coop\u00e9rativesNum\u00e9ro d&#8217;enregistrement : GnR 229&hellip;<\/p>\n","protected":false},"author":2,"featured_media":0,"parent":0,"menu_order":0,"comment_status":"closed","ping_status":"closed","template":"elementor_header_footer","meta":{"footnotes":""},"class_list":["post-63871","page","type-page","status-publish","hentry"],"_links":{"self":[{"href":"https:\/\/www.ek-retail.com\/fr\/wp-json\/wp\/v2\/pages\/63871","targetHints":{"allow":["GET"]}}],"collection":[{"href":"https:\/\/www.ek-retail.com\/fr\/wp-json\/wp\/v2\/pages"}],"about":[{"href":"https:\/\/www.ek-retail.com\/fr\/wp-json\/wp\/v2\/types\/page"}],"author":[{"embeddable":true,"href":"https:\/\/www.ek-retail.com\/fr\/wp-json\/wp\/v2\/users\/2"}],"replies":[{"embeddable":true,"href":"https:\/\/www.ek-retail.com\/fr\/wp-json\/wp\/v2\/comments?post=63871"}],"version-history":[{"count":0,"href":"https:\/\/www.ek-retail.com\/fr\/wp-json\/wp\/v2\/pages\/63871\/revisions"}],"wp:attachment":[{"href":"https:\/\/www.ek-retail.com\/fr\/wp-json\/wp\/v2\/media?parent=63871"}],"curies":[{"name":"wp","href":"https:\/\/api.w.org\/{rel}","templated":true}]}}