{"id":64174,"date":"2025-07-29T09:11:01","date_gmt":"2025-07-29T07:11:01","guid":{"rendered":"https:\/\/www-preview.ek-retail.com\/chambre-et-literie\/"},"modified":"2026-02-06T08:39:53","modified_gmt":"2026-02-06T07:39:53","slug":"chambre-et-literie","status":"publish","type":"page","link":"https:\/\/www.ek-retail.com\/fr\/chambre-et-literie\/","title":{"rendered":"Chambre et literie"},"content":{"rendered":"\t\t<div data-elementor-type=\"wp-page\" data-elementor-id=\"64174\" class=\"elementor elementor-64174 elementor-49497\" data-elementor-post-type=\"page\">\n\t\t\t\t<div class=\"elementor-element elementor-element-79234f6 e-flex e-con-boxed e-con e-parent\" data-id=\"79234f6\" data-element_type=\"container\" data-e-type=\"container\">\n\t\t\t\t\t<div class=\"e-con-inner\">\n\t\t\t\t<div class=\"elementor-element elementor-element-4764860 elementor-widget elementor-widget-text-editor\" data-id=\"4764860\" data-element_type=\"widget\" data-e-type=\"widget\" data-widget_type=\"text-editor.default\">\n\t\t\t\t<div class=\"elementor-widget-container\">\n\t\t\t\t\t\t\t\t\t<p><strong><br><br><br><br><br><br>Espace r\u00e9serv\u00e9 &#8212;-&gt;<\/strong><\/p><p>EK Living propose six concepts de sommeil diff\u00e9rents&nbsp;: Altijd Goed Slapen, Slaapkenner (NOX, A-Sleep et OptiSleep) et Linolux. En tant qu\u2019entrepreneur, vous b\u00e9n\u00e9ficiez d\u2019avantages d\u2019achat sur ces concepts, qui comprennent une gamme de produits de haute qualit\u00e9 tels que des sommiers, des lits, de la literie, des matelas et des armoires.<br>Bouton CTA&nbsp;: Rejoignez l\u2019un des concepts -&gt; formulaire d\u2019inscription ou coordonn\u00e9es de Karin Hesterman. <a title=\"\" href=\"mailto:Wonen@ek-retail.com\" target=\"_blank\" rel=\"noopener\">Wonen@ek-retail.com<\/a> <\/p><ol><li>Altijd Goed Slapen Logo)<br>Altijd Goed Slapen propose une large gamme de produits destin\u00e9s aux segments de march\u00e9 moyens et inf\u00e9rieurs&nbsp;: des sommiers aux oreillers, et des matelas aux armoires.<\/li><li>Slaapkenner (logo) La collection Slaapkenner se compose d\u2019un m\u00e9lange de marques uniques&nbsp;: OptiSleep, A-Sleep et NOX. Ces marques compl\u00e8tent votre gamme existante et sont ax\u00e9es sur les segments de march\u00e9 moyens et sup\u00e9rieurs. <\/li><\/ol><p>a. NOX (logo)<br>Les produits de sommeil NOX sont fabriqu\u00e9s selon des m\u00e9thodes traditionnelles, mais avec les techniques les plus modernes. Des ann\u00e9es d\u2019exp\u00e9rience, de savoir-faire et de force d\u2019innovation se rejoignent dans les collections NOX.<br>b. Opti- Sleep (logo)<br>Depuis plus de 20&nbsp;ans, OptiSleep offre aux entrepreneurs une gamme de produits compl\u00e8te et vari\u00e9e, en grande partie d\u00e9velopp\u00e9e et fabriqu\u00e9e aux Pays-Bas. Cette marque continue de prouver sa valeur ann\u00e9e apr\u00e8s ann\u00e9e. Gr\u00e2ce \u00e0 votre avantage d\u2019achat et \u00e0 la confiance en OptiSleep, vous b\u00e9n\u00e9ficiez de rendements \u00e9lev\u00e9s.<br>c. A-Sleep (logo)<br>Chez A-Sleep, vous trouverez l\u2019\u00e9quilibre parfait entre design moderne et confort ergonomique, vous permettant de r\u00e9cup\u00e9rer de mani\u00e8re optimale chaque nuit.<br>Nous pensons que tout le monde m\u00e9rite une nuit de sommeil profonde et r\u00e9paratrice, sans compromis.<br>Notre collection comprend des sommiers, des matelas et des (sur)matelas de haute qualit\u00e9, tous con\u00e7us avec un fort accent sur la fonctionnalit\u00e9 et l\u2019ergonomie.      <\/p><ol start=\"3\"><li>Linolux (logo)<br>Laissez-vous inspirer par Linolux<br>Chaque jour, des milliers de personnes appr\u00e9cient nos produits, pendant ces moments pr\u00e9cieux o\u00f9 elles se ressourcent, se retirent, s\u2019enveloppent, se r\u00e9chauffent ou se pr\u00e9parent.<br>Cette touche r\u00e9confortante est un luxe quotidien.<\/li><\/ol><p>Bouton CTA&nbsp;: Rejoignez l\u2019un des concepts -&gt;<\/p>\t\t\t\t\t\t\t\t<\/div>\n\t\t\t\t<\/div>\n\t\t\t\t\t<\/div>\n\t\t\t\t<\/div>\n\t\t\t\t<\/div>\n\t\t","protected":false},"excerpt":{"rendered":"<p>Espace r\u00e9serv\u00e9 &#8212;-&gt; EK Living propose six concepts de sommeil diff\u00e9rents&nbsp;: Altijd Goed Slapen, Slaapkenner (NOX, A-Sleep et OptiSleep) et Linolux. En tant qu\u2019entrepreneur, vous b\u00e9n\u00e9ficiez d\u2019avantages d\u2019achat sur ces concepts, qui comprennent une gamme de produits de haute qualit\u00e9 tels que des sommiers, des lits, de la literie, des matelas et des armoires.Bouton CTA&nbsp;:&hellip;<\/p>\n","protected":false},"author":2,"featured_media":0,"parent":0,"menu_order":0,"comment_status":"closed","ping_status":"closed","template":"elementor_header_footer","meta":{"footnotes":""},"class_list":["post-64174","page","type-page","status-publish","hentry"],"_links":{"self":[{"href":"https:\/\/www.ek-retail.com\/fr\/wp-json\/wp\/v2\/pages\/64174","targetHints":{"allow":["GET"]}}],"collection":[{"href":"https:\/\/www.ek-retail.com\/fr\/wp-json\/wp\/v2\/pages"}],"about":[{"href":"https:\/\/www.ek-retail.com\/fr\/wp-json\/wp\/v2\/types\/page"}],"author":[{"embeddable":true,"href":"https:\/\/www.ek-retail.com\/fr\/wp-json\/wp\/v2\/users\/2"}],"replies":[{"embeddable":true,"href":"https:\/\/www.ek-retail.com\/fr\/wp-json\/wp\/v2\/comments?post=64174"}],"version-history":[{"count":0,"href":"https:\/\/www.ek-retail.com\/fr\/wp-json\/wp\/v2\/pages\/64174\/revisions"}],"wp:attachment":[{"href":"https:\/\/www.ek-retail.com\/fr\/wp-json\/wp\/v2\/media?parent=64174"}],"curies":[{"name":"wp","href":"https:\/\/api.w.org\/{rel}","templated":true}]}}