{"id":66677,"date":"2025-09-24T11:52:57","date_gmt":"2025-09-24T09:52:57","guid":{"rendered":"https:\/\/www-preview.ek-retail.com\/services-financiers\/"},"modified":"2026-04-21T09:41:41","modified_gmt":"2026-04-21T07:41:41","slug":"services-financiers","status":"publish","type":"page","link":"https:\/\/www.ek-retail.com\/fr\/services-financiers\/","title":{"rendered":"EK Financial Services"},"content":{"rendered":"\t\t<div data-elementor-type=\"wp-page\" data-elementor-id=\"66677\" class=\"elementor elementor-66677 elementor-53229\" data-elementor-post-type=\"page\">\n\t\t\t\t<div class=\"elementor-element elementor-element-27a16651 hero-section  e-flex e-con-boxed e-con e-parent\" data-id=\"27a16651\" data-element_type=\"container\" data-e-type=\"container\">\n\t\t\t\t\t<div class=\"e-con-inner\">\n\t\t<div class=\"elementor-element elementor-element-d8c1434 e-con-full hero-image e-flex e-con e-child\" data-id=\"d8c1434\" data-element_type=\"container\" data-e-type=\"container\" data-settings=\"{&quot;background_background&quot;:&quot;classic&quot;}\">\n\t\t\t\t<div class=\"elementor-element elementor-element-8c8ad80 elementor-widget__width-inherit elementor-widget elementor-widget-image\" data-id=\"8c8ad80\" data-element_type=\"widget\" data-e-type=\"widget\" data-widget_type=\"image.default\">\n\t\t\t\t<div class=\"elementor-widget-container\">\n\t\t\t\t\t\t\t\t\t\t\t\t\t\t\t<img fetchpriority=\"high\" decoding=\"async\" width=\"2560\" height=\"1440\" src=\"https:\/\/www.ek-retail.com\/wp-content\/uploads\/2026\/03\/business-colobration_3-1-scaled.jpg\" class=\"attachment-full size-full wp-image-66667\" alt=\"\" srcset=\"https:\/\/www.ek-retail.com\/wp-content\/uploads\/2026\/03\/business-colobration_3-1-scaled.jpg 2560w, https:\/\/www.ek-retail.com\/wp-content\/uploads\/2026\/03\/business-colobration_3-1-300x169.jpg 300w, https:\/\/www.ek-retail.com\/wp-content\/uploads\/2026\/03\/business-colobration_3-1-1024x576.jpg 1024w, https:\/\/www.ek-retail.com\/wp-content\/uploads\/2026\/03\/business-colobration_3-1-768x432.jpg 768w, https:\/\/www.ek-retail.com\/wp-content\/uploads\/2026\/03\/business-colobration_3-1-1536x864.jpg 1536w, https:\/\/www.ek-retail.com\/wp-content\/uploads\/2026\/03\/business-colobration_3-1-2048x1152.jpg 2048w\" sizes=\"(max-width: 2560px) 100vw, 2560px\" \/>\t\t\t\t\t\t\t\t\t\t\t\t\t\t\t<\/div>\n\t\t\t\t<\/div>\n\t\t\t\t<\/div>\n\t\t<div class=\"elementor-element elementor-element-ad9276b e-con-full ind-ek-icon hero-text e-flex e-con e-child\" data-id=\"ad9276b\" data-element_type=\"container\" data-e-type=\"container\" data-settings=\"{&quot;background_background&quot;:&quot;classic&quot;}\">\n\t\t\t\t<div class=\"elementor-element elementor-element-fe78a63 elementor-absolute hero-title elementor-widget elementor-widget-heading\" data-id=\"fe78a63\" data-element_type=\"widget\" data-e-type=\"widget\" data-settings=\"{&quot;_position&quot;:&quot;absolute&quot;}\" data-widget_type=\"heading.default\">\n\t\t\t\t<div class=\"elementor-widget-container\">\n\t\t\t\t\t<h1 class=\"elementor-heading-title elementor-size-default\">EK Financial Services<\/h1>\t\t\t\t<\/div>\n\t\t\t\t<\/div>\n\t\t\t\t<div class=\"elementor-element elementor-element-dcec651 elementor-widget elementor-widget-text-editor\" data-id=\"dcec651\" data-element_type=\"widget\" data-e-type=\"widget\" data-widget_type=\"text-editor.default\">\n\t\t\t\t<div class=\"elementor-widget-container\">\n\t\t\t\t\t\t\t\t\t<div>Fournir aux unit\u00e9s commerciales d\u2019EK des solutions financi\u00e8res intelligentes et des analyses exploitables qui facilitent les activit\u00e9s internes et externes au quotidien.<\/div>\t\t\t\t\t\t\t\t<\/div>\n\t\t\t\t<\/div>\n\t\t\t\t<div class=\"elementor-element elementor-element-84a3085 elementor-align-left elementor-widget elementor-widget-button\" data-id=\"84a3085\" data-element_type=\"widget\" data-e-type=\"widget\" data-widget_type=\"button.default\">\n\t\t\t\t<div class=\"elementor-widget-container\">\n\t\t\t\t\t\t\t\t\t<div class=\"elementor-button-wrapper\">\n\t\t\t\t\t<a class=\"elementor-button elementor-button-link elementor-size-sm\" href=\"https:\/\/www.ek-retail.com\/fr\/contact\/\">\n\t\t\t\t\t\t<span class=\"elementor-button-content-wrapper\">\n\t\t\t\t\t\t\t\t\t<span class=\"elementor-button-text\">Contactez-nous<\/span>\n\t\t\t\t\t<\/span>\n\t\t\t\t\t<\/a>\n\t\t\t\t<\/div>\n\t\t\t\t\t\t\t\t<\/div>\n\t\t\t\t<\/div>\n\t\t\t\t<\/div>\n\t\t\t\t\t<\/div>\n\t\t\t\t<\/div>\n\t\t<div class=\"elementor-element elementor-element-02c58a6 empowering-section e-flex e-con-boxed e-con e-parent\" data-id=\"02c58a6\" data-element_type=\"container\" data-e-type=\"container\">\n\t\t\t\t\t<div class=\"e-con-inner\">\n\t\t\t\t<div class=\"elementor-element elementor-element-daa17a5 elementor-widget elementor-widget-heading\" data-id=\"daa17a5\" data-element_type=\"widget\" data-e-type=\"widget\" data-widget_type=\"heading.default\">\n\t\t\t\t<div class=\"elementor-widget-container\">\n\t\t\t\t\t<h2 class=\"elementor-heading-title elementor-size-default\">Optimiser la performance du commerce de d\u00e9tail gr\u00e2ce aux analyses financi\u00e8res<\/h2>\t\t\t\t<\/div>\n\t\t\t\t<\/div>\n\t\t\t\t<div class=\"elementor-element elementor-element-1f4c99d elementor-widget elementor-widget-text-editor\" data-id=\"1f4c99d\" data-element_type=\"widget\" data-e-type=\"widget\" data-widget_type=\"text-editor.default\">\n\t\t\t\t<div class=\"elementor-widget-container\">\n\t\t\t\t\t\t\t\t\t<p><style>\na {<br \/>    text-decoration: none;<br \/>    color: #464feb;<br \/>}<br \/>tr th, tr td {<br \/>    border: 1px solid #e6e6e6;<br \/>}<br \/>tr th {<br \/>    background-color: #f5f5f5;<br \/>}<br \/><\/style><\/p><div>Nous renfor\u00e7ons la pr\u00e9paration de nos partenaires et de notre entreprise pour l\u2019avenir en proposant des services financiers \u00e0 valeur ajout\u00e9e ainsi que des processus strat\u00e9giques et financiers.<br>En tant que partenaire privil\u00e9gi\u00e9 pour toutes les questions financi\u00e8res, nous soutenons les entreprises de d\u00e9tail avec le r\u00e8glement centralis\u00e9, la comptabilit\u00e9, la gestion du cr\u00e9dit et le reporting \u2013 de mani\u00e8re fiable, efficace et avec un objectif clair de croissance.<\/div>\t\t\t\t\t\t\t\t<\/div>\n\t\t\t\t<\/div>\n\t\t\t\t\t<\/div>\n\t\t\t\t<\/div>\n\t\t<div class=\"elementor-element elementor-element-579ec63 our-digital-solutions-section e-flex e-con-boxed e-con e-parent\" data-id=\"579ec63\" data-element_type=\"container\" data-e-type=\"container\" data-settings=\"{&quot;background_background&quot;:&quot;classic&quot;}\">\n\t\t\t\t\t<div class=\"e-con-inner\">\n\t\t\t\t<div class=\"elementor-element elementor-element-19d870ef elementor-widget__width-initial elementor-widget elementor-widget-text-editor\" data-id=\"19d870ef\" data-element_type=\"widget\" data-e-type=\"widget\" data-widget_type=\"text-editor.default\">\n\t\t\t\t<div class=\"elementor-widget-container\">\n\t\t\t\t\t\t\t\t\t<h2>Notre plateforme financi\u00e8re et nos partenaires<\/h2><div>Collaboratif. Fiable. Ax\u00e9 sur l\u2019impact. Ensemble avec nos partenaires, nous soutenons le commerce de d\u00e9tail de demain.   <\/div>\t\t\t\t\t\t\t\t<\/div>\n\t\t\t\t<\/div>\n\t\t\t\t<div class=\"elementor-element elementor-element-3e5ecb79 elementor-arrows-position-outside elementor-widget-mobile__width-inherit elementor-widget elementor-widget-n-carousel\" data-id=\"3e5ecb79\" data-element_type=\"widget\" data-e-type=\"widget\" data-settings=\"{&quot;carousel_items&quot;:[{&quot;slide_title&quot;:&quot;Slide #1&quot;,&quot;_id&quot;:&quot;b681537&quot;},{&quot;slide_title&quot;:&quot;Slide #3&quot;,&quot;_id&quot;:&quot;145cdae&quot;}],&quot;slides_to_show&quot;:&quot;2&quot;,&quot;image_spacing_custom&quot;:{&quot;unit&quot;:&quot;px&quot;,&quot;size&quot;:0,&quot;sizes&quot;:[]},&quot;slides_to_show_tablet&quot;:&quot;2&quot;,&quot;slides_to_show_mobile&quot;:&quot;1&quot;,&quot;infinite&quot;:&quot;yes&quot;,&quot;speed&quot;:500,&quot;offset_sides&quot;:&quot;none&quot;,&quot;arrows&quot;:&quot;yes&quot;,&quot;image_spacing_custom_tablet&quot;:{&quot;unit&quot;:&quot;px&quot;,&quot;size&quot;:&quot;&quot;,&quot;sizes&quot;:[]},&quot;image_spacing_custom_mobile&quot;:{&quot;unit&quot;:&quot;px&quot;,&quot;size&quot;:&quot;&quot;,&quot;sizes&quot;:[]}}\" data-widget_type=\"nested-carousel.default\">\n\t\t\t\t<div class=\"elementor-widget-container\">\n\t\t\t\t\t\t\t<div class=\"e-n-carousel swiper\" role=\"region\" aria-roledescription=\"carousel\" aria-label=\"Karussell\" dir=\"ltr\">\n\t\t\t<div class=\"swiper-wrapper\" aria-live=\"polite\">\n\t\t\t\t\t\t\t\t\t\t<div class=\"swiper-slide\" data-slide=\"1\" role=\"group\" aria-roledescription=\"slide\" aria-label=\"1 sur 2\">\n\t\t\t\t\t\t\t<div class=\"elementor-element elementor-element-307baca0 e-flex e-con-boxed e-con e-child\" data-id=\"307baca0\" data-element_type=\"container\" data-e-type=\"container\">\n\t\t\t\t\t<div class=\"e-con-inner\">\n\t\t\t\t<div class=\"elementor-element elementor-element-2b240804 elementor-widget elementor-widget-image\" data-id=\"2b240804\" data-element_type=\"widget\" data-e-type=\"widget\" data-widget_type=\"image.default\">\n\t\t\t\t<div class=\"elementor-widget-container\">\n\t\t\t\t\t\t\t\t\t\t\t\t<figure class=\"wp-caption\">\n\t\t\t\t\t\t\t\t\t\t\t<a href=\"https:\/\/retail-pay.com\/csportal\/control\/main\" target=\"_blank\">\n\t\t\t\t\t\t\t<img decoding=\"async\" width=\"555\" height=\"370\" src=\"https:\/\/www.ek-retail.com\/wp-content\/uploads\/2026\/03\/Slider_Retail-Pay.png\" class=\"attachment-large size-large wp-image-66669\" alt=\"\" srcset=\"https:\/\/www.ek-retail.com\/wp-content\/uploads\/2026\/03\/Slider_Retail-Pay.png 555w, https:\/\/www.ek-retail.com\/wp-content\/uploads\/2026\/03\/Slider_Retail-Pay-300x200.png 300w\" sizes=\"(max-width: 555px) 100vw, 555px\" \/>\t\t\t\t\t\t\t\t<\/a>\n\t\t\t\t\t\t\t\t\t\t\t<figcaption class=\"widget-image-caption wp-caption-text\">Portail pour nos partenaires de r\u00e8glement central<\/figcaption>\n\t\t\t\t\t\t\t\t\t\t<\/figure>\n\t\t\t\t\t\t\t\t\t<\/div>\n\t\t\t\t<\/div>\n\t\t\t\t\t<\/div>\n\t\t\t\t<\/div>\n\t\t\t\t\t\t\t\t<\/div>\n\t\t\t\t\t\t\t\t\t\t\t<div class=\"swiper-slide\" data-slide=\"2\" role=\"group\" aria-roledescription=\"slide\" aria-label=\"2 sur 2\">\n\t\t\t\t\t\t\t<div class=\"elementor-element elementor-element-663b9123 e-flex e-con-boxed e-con e-child\" data-id=\"663b9123\" data-element_type=\"container\" data-e-type=\"container\">\n\t\t\t\t\t<div class=\"e-con-inner\">\n\t\t\t\t<div class=\"elementor-element elementor-element-6219718d elementor-widget elementor-widget-image\" data-id=\"6219718d\" data-element_type=\"widget\" data-e-type=\"widget\" data-widget_type=\"image.default\">\n\t\t\t\t<div class=\"elementor-widget-container\">\n\t\t\t\t\t\t\t\t\t\t\t\t<figure class=\"wp-caption\">\n\t\t\t\t\t\t\t\t\t\t\t<a href=\"https:\/\/www.kvv-gruppe.com\/\" target=\"_blank\">\n\t\t\t\t\t\t\t<img decoding=\"async\" width=\"300\" height=\"200\" src=\"https:\/\/www.ek-retail.com\/wp-content\/uploads\/2025\/12\/KVV_Logo_fbg.png\" class=\"attachment-large size-large wp-image-61697\" alt=\"\" \/>\t\t\t\t\t\t\t\t<\/a>\n\t\t\t\t\t\t\t\t\t\t\t<figcaption class=\"widget-image-caption wp-caption-text\">Assurances, pr\u00e9voyance, sp\u00e9cialisation dans le commerce et l\u2019industrie du b\u00e2timent<\/figcaption>\n\t\t\t\t\t\t\t\t\t\t<\/figure>\n\t\t\t\t\t\t\t\t\t<\/div>\n\t\t\t\t<\/div>\n\t\t\t\t\t<\/div>\n\t\t\t\t<\/div>\n\t\t\t\t\t\t\t\t<\/div>\n\t\t\t\t\t\t\t\t<\/div>\n\t\t<\/div>\n\t\t\t\t\t<div class=\"elementor-swiper-button elementor-swiper-button-prev\" role=\"button\" tabindex=\"0\" aria-label=\"Pr\u00e9c\u00e9dent\">\n\t\t\t\t<i aria-hidden=\"true\" class=\"feather feather-chevron-left\"><\/i>\t\t\t<\/div>\n\t\t\t<div class=\"elementor-swiper-button elementor-swiper-button-next\" role=\"button\" tabindex=\"0\" aria-label=\"Suivant\">\n\t\t\t\t<i aria-hidden=\"true\" class=\"feather feather-chevron-right\"><\/i>\t\t\t<\/div>\n\t\t\t\t\t\t<\/div>\n\t\t\t\t<\/div>\n\t\t\t\t\t<\/div>\n\t\t\t\t<\/div>\n\t\t<div class=\"elementor-element elementor-element-9597db6 custom-slider-section e-con-full e-flex e-con e-parent\" data-id=\"9597db6\" data-element_type=\"container\" data-e-type=\"container\" data-settings=\"{&quot;background_background&quot;:&quot;classic&quot;}\">\n\t\t\t\t<div class=\"elementor-element elementor-element-3a5eeb96 elementor-widget-mobile__width-inherit elementor-widget elementor-widget-text-editor\" data-id=\"3a5eeb96\" data-element_type=\"widget\" data-e-type=\"widget\" data-widget_type=\"text-editor.default\">\n\t\t\t\t<div class=\"elementor-widget-container\">\n\t\t\t\t\t\t\t\t\t<h2><strong>Nos services financiers<\/strong><\/h2><p>EK Financial Services est le partenaire commercial expert qui offre une valeur ajout\u00e9e au sein de l\u2019organisation d\u2019EK. Nous sommes le fournisseur de processus financiers destin\u00e9s \u00e0 am\u00e9liorer les affaires internes et externes chaque jour.  <\/p>\t\t\t\t\t\t\t\t<\/div>\n\t\t\t\t<\/div>\n\t\t\t\t<div class=\"elementor-element elementor-element-798ecdf2 elementor--h-position-left custom-slides elementor--v-position-middle elementor-arrows-position-inside elementor-widget elementor-widget-slides\" data-id=\"798ecdf2\" data-element_type=\"widget\" data-e-type=\"widget\" data-settings=\"{&quot;navigation&quot;:&quot;arrows&quot;,&quot;transition&quot;:&quot;fade&quot;,&quot;infinite&quot;:&quot;yes&quot;,&quot;transition_speed&quot;:500}\" data-widget_type=\"slides.default\">\n\t\t\t\t<div class=\"elementor-widget-container\">\n\t\t\t\t\t\t\t\t\t<div class=\"elementor-swiper\">\n\t\t\t\t\t<div class=\"elementor-slides-wrapper elementor-main-swiper swiper\" role=\"region\" aria-roledescription=\"carousel\" aria-label=\"Slider\" dir=\"ltr\" data-animation=\"fadeInRight\">\n\t\t\t\t<div class=\"swiper-wrapper elementor-slides\">\n\t\t\t\t\t\t\t\t\t\t<div class=\"elementor-repeater-item-353c42a swiper-slide\" role=\"group\" aria-roledescription=\"slide\"><div class=\"swiper-slide-bg\" role=\"img\" aria-label=\"Professionnels cr\u00e9atifs travaillant sur un projet commercial au bureau\"><\/div><div class=\"swiper-slide-inner\" ><div class=\"swiper-slide-contents\"><h2 class=\"elementor-slide-heading\">R\u00e8glement centralis\u00e9<\/h2><p class=\"elementor-slide-description\"><p>Chez EK Retail, environ 6 000 fabricants de marques sont accessibles via un syst\u00e8me de r\u00e8glement centralis\u00e9.<br \/>\nNous g\u00e9rons toutes les transactions financi\u00e8res entre nos d\u00e9taillants et nos fournisseurs, de mani\u00e8re s\u00e9curis\u00e9e, rapide et enti\u00e8rement informatis\u00e9e.<br \/>\nNous r\u00e9glons les factures \u00e9chues pour le compte de nos d\u00e9taillants et garantissons les cr\u00e9ances des fournisseurs, assurant ainsi une s\u00e9curit\u00e9 de paiement maximale.<br \/>Environ 4 000 clients et 6 000 fournisseurs b\u00e9n\u00e9ficient de notre expertise en mati\u00e8re de gestion des donn\u00e9es de r\u00e9f\u00e9rence, de contrats fournisseurs, de paiements, de cr\u00e9ation de documents et de service client personnalis\u00e9.<\/p>\n<\/p><a href=\"https:\/\/www.ek-retail.com\/fr\/contact\/\" class=\"elementor-button elementor-slide-button elementor-size-md\">Contactez-nous<\/a><\/div><\/div><\/div><div class=\"elementor-repeater-item-7427ab8 swiper-slide\" role=\"group\" aria-roledescription=\"slide\"><div class=\"swiper-slide-bg\" role=\"img\" aria-label=\"\u00c9quipe commerciale collaborant et r\u00e9solvant des probl\u00e8mes, IA g\u00e9n\u00e9rative\"><\/div><div class=\"swiper-slide-inner\" ><div class=\"swiper-slide-contents\"><h2 class=\"elementor-slide-heading\">Gestion du cr\u00e9dit<\/h2><p class=\"elementor-slide-description\"><p>Notre \u00e9quipe de gestion du cr\u00e9dit se sp\u00e9cialise dans la gestion des risques afin de pr\u00e9venir ou de minimiser les risques de non-paiement pour EK et ses partenaires. Cela inclut des mesures de recapitalisation strat\u00e9gique si n\u00e9cessaire.  <br \/>Pour garantir un environnement commercial sain et fiable, nos experts effectuent quotidiennement des v\u00e9rifications de nouveaux clients et g\u00e8rent soigneusement les contrats des membres ainsi que les donn\u00e9es de r\u00e9f\u00e9rence. <\/p>\n<\/p><a href=\"https:\/\/www.ek-retail.com\/fr\/contact\/\" class=\"elementor-button elementor-slide-button elementor-size-md\">Contactez-nous<\/a><\/div><\/div><\/div><div class=\"elementor-repeater-item-9075496 swiper-slide\" role=\"group\" aria-roledescription=\"slide\"><div class=\"swiper-slide-bg\" role=\"img\" aria-label=\"20250919Ridderhoffotografie(1111)\"><\/div><div class=\"swiper-slide-inner\" ><div class=\"swiper-slide-contents\"><h2 class=\"elementor-slide-heading\">Finance et contr\u00f4le de gestion<\/h2><p class=\"elementor-slide-description\"><p>Le prestataire de services interne privil\u00e9gi\u00e9 pour garantir un reporting financier pr\u00e9cis, la conformit\u00e9 r\u00e9glementaire, une planification financi\u00e8re efficace et une prise de d\u00e9cision strat\u00e9gique. Il soutient la stabilit\u00e9, la performance et les objectifs \u00e0 long terme de l\u2019organisation. <\/p>\n<\/p><a href=\"https:\/\/www.ek-retail.com\/fr\/contact\/\" class=\"elementor-button elementor-slide-button elementor-size-md\">Contactez-nous<\/a><\/div><\/div><\/div>\t\t\t\t<\/div>\n\t\t\t\t\t\t\t\t\t\t\t\t\t\t\t<div class=\"elementor-swiper-button elementor-swiper-button-prev\" role=\"button\" tabindex=\"0\" aria-label=\"Diapositive pr\u00e9c\u00e9dente\">\n\t\t\t\t\t\t\t<i aria-hidden=\"true\" class=\"eicon-chevron-left\"><\/i>\t\t\t\t\t\t<\/div>\n\t\t\t\t\t\t<div class=\"elementor-swiper-button elementor-swiper-button-next\" role=\"button\" tabindex=\"0\" aria-label=\"Diapositive suivante\">\n\t\t\t\t\t\t\t<i aria-hidden=\"true\" class=\"eicon-chevron-right\"><\/i>\t\t\t\t\t\t<\/div>\n\t\t\t\t\t\t\t\t\t\t\t\t\t\t\t\t\t<\/div>\n\t\t\t\t<\/div>\n\t\t\t\t\t\t\t\t<\/div>\n\t\t\t\t<\/div>\n\t\t\t\t<\/div>\n\t\t\t\t<\/div>\n\t\t","protected":false},"excerpt":{"rendered":"<p>EK Financial Services Fournir aux unit\u00e9s commerciales d\u2019EK des solutions financi\u00e8res intelligentes et des analyses exploitables qui facilitent les activit\u00e9s internes et externes au quotidien. Contactez-nous Optimiser la performance du commerce de d\u00e9tail gr\u00e2ce aux analyses financi\u00e8res Nous renfor\u00e7ons la pr\u00e9paration de nos partenaires et de notre entreprise pour l\u2019avenir en proposant des services financiers&hellip;<\/p>\n","protected":false},"author":2,"featured_media":0,"parent":0,"menu_order":0,"comment_status":"closed","ping_status":"closed","template":"elementor_header_footer","meta":{"footnotes":""},"class_list":["post-66677","page","type-page","status-publish","hentry"],"_links":{"self":[{"href":"https:\/\/www.ek-retail.com\/fr\/wp-json\/wp\/v2\/pages\/66677","targetHints":{"allow":["GET"]}}],"collection":[{"href":"https:\/\/www.ek-retail.com\/fr\/wp-json\/wp\/v2\/pages"}],"about":[{"href":"https:\/\/www.ek-retail.com\/fr\/wp-json\/wp\/v2\/types\/page"}],"author":[{"embeddable":true,"href":"https:\/\/www.ek-retail.com\/fr\/wp-json\/wp\/v2\/users\/2"}],"replies":[{"embeddable":true,"href":"https:\/\/www.ek-retail.com\/fr\/wp-json\/wp\/v2\/comments?post=66677"}],"version-history":[{"count":2,"href":"https:\/\/www.ek-retail.com\/fr\/wp-json\/wp\/v2\/pages\/66677\/revisions"}],"predecessor-version":[{"id":68099,"href":"https:\/\/www.ek-retail.com\/fr\/wp-json\/wp\/v2\/pages\/66677\/revisions\/68099"}],"wp:attachment":[{"href":"https:\/\/www.ek-retail.com\/fr\/wp-json\/wp\/v2\/media?parent=66677"}],"curies":[{"name":"wp","href":"https:\/\/api.w.org\/{rel}","templated":true}]}}