{"id":68401,"date":"2026-05-08T10:51:03","date_gmt":"2026-05-08T08:51:03","guid":{"rendered":"https:\/\/www.ek-retail.com\/conditions-generales-de-vente-et-de-livraison\/"},"modified":"2026-05-08T11:28:21","modified_gmt":"2026-05-08T09:28:21","slug":"conditions-generales-de-vente-et-de-livraison","status":"publish","type":"page","link":"https:\/\/www.ek-retail.com\/fr\/conditions-generales-de-vente-et-de-livraison\/","title":{"rendered":"Conditions g\u00e9n\u00e9rales de vente et de livraison"},"content":{"rendered":"\t\t<div data-elementor-type=\"wp-page\" data-elementor-id=\"68401\" class=\"elementor elementor-68401 elementor-68367\" data-elementor-post-type=\"page\">\n\t\t\t\t<div class=\"elementor-element elementor-element-04fb68d e-flex e-con-boxed e-con e-parent\" data-id=\"04fb68d\" data-element_type=\"container\" data-e-type=\"container\">\n\t\t\t\t\t<div class=\"e-con-inner\">\n\t\t\t\t<div class=\"elementor-element elementor-element-bb51da2 elementor-widget elementor-widget-text-editor\" data-id=\"bb51da2\" data-element_type=\"widget\" data-e-type=\"widget\" data-widget_type=\"text-editor.default\">\n\t\t\t\t<div class=\"elementor-widget-container\">\n\t\t\t\t\t\t\t\t\t<h3 data-start=\"48\" data-end=\"241\">Conditions g\u00e9n\u00e9rales<\/h3><p data-start=\"48\" data-end=\"241\"><span style=\"background-color: rgba(255, 255, 255, 0); word-spacing: normal;\">Sur cette page, vous trouverez nos conditions g\u00e9n\u00e9rales de livraison et de vente. Ces documents pr\u00e9cisent les conditions applicables \u00e0 nos produits, services, livraisons et accords connexes. <\/span><\/p><p data-start=\"243\" data-end=\"377\">Les conditions g\u00e9n\u00e9rales sont disponibles au format PDF en n\u00e9erlandais et en allemand. Veuillez s\u00e9lectionner la version correspondant \u00e0 votre situation. <\/p><p><strong>Allemand :<\/strong><br><a href=\"https:\/\/www.ek-retail.com\/wp-content\/uploads\/2026\/05\/Allgemeine-Betriebs-und-Geschaftsbedingungen.pdf\" target=\"_blank\" rel=\"noopener\">Conditions g\u00e9n\u00e9rales d\u2019exploitation et de vente<\/a><\/p><p><strong>N\u00e9erlandais<\/strong><br><a href=\"https:\/\/www.ek-retail.com\/wp-content\/uploads\/2026\/05\/Algemene-Verkoop-en-Leveringsvoorwaarden.pdf\" target=\"_blank\" rel=\"noopener\">Conditions g\u00e9n\u00e9rales de vente et de livraison<\/a> <\/p>\t\t\t\t\t\t\t\t<\/div>\n\t\t\t\t<\/div>\n\t\t\t\t\t<\/div>\n\t\t\t\t<\/div>\n\t\t\t\t<\/div>\n\t\t","protected":false},"excerpt":{"rendered":"<p>Conditions g\u00e9n\u00e9rales Sur cette page, vous trouverez nos conditions g\u00e9n\u00e9rales de livraison et de vente. Ces documents pr\u00e9cisent les conditions applicables \u00e0 nos produits, services, livraisons et accords connexes. Les conditions g\u00e9n\u00e9rales sont disponibles au format PDF en n\u00e9erlandais et en allemand. Veuillez s\u00e9lectionner la version correspondant \u00e0 votre situation. Allemand :Conditions g\u00e9n\u00e9rales d\u2019exploitation et&hellip;<\/p>\n","protected":false},"author":4,"featured_media":0,"parent":0,"menu_order":0,"comment_status":"closed","ping_status":"closed","template":"elementor_header_footer","meta":{"footnotes":""},"class_list":["post-68401","page","type-page","status-publish","hentry"],"_links":{"self":[{"href":"https:\/\/www.ek-retail.com\/fr\/wp-json\/wp\/v2\/pages\/68401","targetHints":{"allow":["GET"]}}],"collection":[{"href":"https:\/\/www.ek-retail.com\/fr\/wp-json\/wp\/v2\/pages"}],"about":[{"href":"https:\/\/www.ek-retail.com\/fr\/wp-json\/wp\/v2\/types\/page"}],"author":[{"embeddable":true,"href":"https:\/\/www.ek-retail.com\/fr\/wp-json\/wp\/v2\/users\/4"}],"replies":[{"embeddable":true,"href":"https:\/\/www.ek-retail.com\/fr\/wp-json\/wp\/v2\/comments?post=68401"}],"version-history":[{"count":1,"href":"https:\/\/www.ek-retail.com\/fr\/wp-json\/wp\/v2\/pages\/68401\/revisions"}],"predecessor-version":[{"id":68404,"href":"https:\/\/www.ek-retail.com\/fr\/wp-json\/wp\/v2\/pages\/68401\/revisions\/68404"}],"wp:attachment":[{"href":"https:\/\/www.ek-retail.com\/fr\/wp-json\/wp\/v2\/media?parent=68401"}],"curies":[{"name":"wp","href":"https:\/\/api.w.org\/{rel}","templated":true}]}}